{"id":84075,"date":"2025-11-08T11:05:57","date_gmt":"2025-11-08T11:05:57","guid":{"rendered":"https:\/\/saanajaolli.com\/store_092\/?post_type=product&#038;p=84075"},"modified":"2026-02-24T11:28:22","modified_gmt":"2026-02-24T11:28:22","slug":"wall-calendar-2026-2","status":"publish","type":"product","link":"https:\/\/saanajaolli.com\/store_092\/product\/wall-calendar-2026-2\/","title":{"rendered":"Wall calendar 2026"},"content":{"rendered":"","protected":false},"excerpt":{"rendered":"<p style=\"text-align: left;\">Calendar 2026<\/p>\n<p>Size: 70&#215;100 cm (27,6&#215;39,4 inch)<\/p>\n<p>Color: cream white &#8211; brown<\/p>\n<p>Printed with professional pride on 180 g\/m\u00b2 paper in Kaarina, Finland.<\/p>\n<p>We ship worldwide.<br \/>\nPosters shipped in cardboard tube.<\/p>\n<p>&#8212;<\/p>\n<p>Sein\u00e4kalenteri 2026 on t\u00e4\u00e4ll\u00e4.<\/p>\n<p>Koko: 70&#215;100 cm<\/p>\n<p>S\u00e4vy: kerman vaalea -ruskea<\/p>\n<p>Painettu ammattiylpeydell\u00e4 180-grammaiselle paperille Kaarinassa.<\/p>\n<p>Postitetaan postitusputkessa.<\/p>\n","protected":false},"featured_media":84095,"template":"","meta":{"_acf_changed":false},"product_brand":[],"product_cat":[34,35,42],"product_tag":[],"class_list":{"0":"post-84075","1":"product","2":"type-product","3":"status-publish","4":"has-post-thumbnail","6":"product_cat-paper","7":"product_cat-posters-paper","8":"product_cat-others","9":"product_shipping_class-juliste","11":"first","12":"outofstock","13":"taxable","14":"shipping-taxable","15":"purchasable","16":"product-type-simple"},"acf":[],"_links":{"self":[{"href":"https:\/\/saanajaolli.com\/store_092\/wp-json\/wp\/v2\/product\/84075","targetHints":{"allow":["GET"]}}],"collection":[{"href":"https:\/\/saanajaolli.com\/store_092\/wp-json\/wp\/v2\/product"}],"about":[{"href":"https:\/\/saanajaolli.com\/store_092\/wp-json\/wp\/v2\/types\/product"}],"wp:featuredmedia":[{"embeddable":true,"href":"https:\/\/saanajaolli.com\/store_092\/wp-json\/wp\/v2\/media\/84095"}],"wp:attachment":[{"href":"https:\/\/saanajaolli.com\/store_092\/wp-json\/wp\/v2\/media?parent=84075"}],"wp:term":[{"taxonomy":"product_brand","embeddable":true,"href":"https:\/\/saanajaolli.com\/store_092\/wp-json\/wp\/v2\/product_brand?post=84075"},{"taxonomy":"product_cat","embeddable":true,"href":"https:\/\/saanajaolli.com\/store_092\/wp-json\/wp\/v2\/product_cat?post=84075"},{"taxonomy":"product_tag","embeddable":true,"href":"https:\/\/saanajaolli.com\/store_092\/wp-json\/wp\/v2\/product_tag?post=84075"}],"curies":[{"name":"wp","href":"https:\/\/api.w.org\/{rel}","templated":true}]}}