{"id":84047,"date":"2025-11-04T12:25:50","date_gmt":"2025-11-04T12:25:50","guid":{"rendered":"https:\/\/saanajaolli.com\/store_092\/?post_type=product&#038;p=84047"},"modified":"2026-02-24T11:31:53","modified_gmt":"2026-02-24T11:31:53","slug":"ikimetsa-card","status":"publish","type":"product","link":"https:\/\/saanajaolli.com\/store_092\/product\/ikimetsa-card\/","title":{"rendered":"Ikimets\u00e4 large card"},"content":{"rendered":"<p>77<\/p>\n","protected":false},"excerpt":{"rendered":"<p>Ikimets\u00e4 kortti<br \/>\nKoko: 14,8\u00d721cm, A5<\/p>\n<p>T\u00e4m\u00e4n kortin myyntihinnasta lahjoitetaan Luonnonperint\u00f6s\u00e4\u00e4ti\u00f6lle summa, joka suojelee 5 neli\u00f6metri\u00e4 vanhaa mets\u00e4\u00e4.<\/p>\n<p>Luonnonperint\u00f6s\u00e4\u00e4ti\u00f6 suojelee Suomen luontoa, ensisijaisesti uhanalaista mets\u00e4\u00e4. S\u00e4\u00e4ti\u00f6 hankkii omistukseensa luonnonalueita ja takaa niille luonnonsuojelulain mukaisen pysyv\u00e4n rauhoituksen. S\u00e4\u00e4ti\u00f6 on perustettu 1995 ja sen omistamien ikimets\u00e4alueiden pinta-ala on 6559 hehtaaria.<\/p>\n<p>Painettu Suomessa 100% kierr\u00e4tetylle 300 g\/m\u00b2 paperille.<\/p>\n<hr \/>\n<p>Ikimets\u00e4 (Old-growth forest) large card<br \/>\nSize: 14,8\u00d721cm (5.8 x 8.3 inch)<\/p>\n<p>Each card saves 5 square meters of old-growth forest in Finland. Made in collaboration with Finnish Natural Heritage Foundation, a non-governmental organization that promotes protection of old growth forests. The foundation has been active since its establishment in 1995, purchasing old untouched forests with donation funds and applying for a permanent protection for them according to the Nature Conservation Act.<\/p>\n<p>Printed with professional pride on 300 g\/m\u00b2 100% recycled paper in Kaarina, Finland.<\/p>\n<p>We ship worldwide.<\/p>\n<p>&nbsp;<\/p>\n","protected":false},"featured_media":84049,"template":"","meta":{"_acf_changed":false},"product_brand":[],"product_cat":[34,36,37],"product_tag":[],"class_list":{"0":"post-84047","1":"product","2":"type-product","3":"status-publish","4":"has-post-thumbnail","6":"product_cat-paper","7":"product_cat-cards-paper","8":"product_cat-stationery","9":"product_shipping_class-kirje_1","11":"first","12":"outofstock","13":"taxable","14":"shipping-taxable","15":"purchasable","16":"product-type-simple"},"acf":[],"_links":{"self":[{"href":"https:\/\/saanajaolli.com\/store_092\/wp-json\/wp\/v2\/product\/84047","targetHints":{"allow":["GET"]}}],"collection":[{"href":"https:\/\/saanajaolli.com\/store_092\/wp-json\/wp\/v2\/product"}],"about":[{"href":"https:\/\/saanajaolli.com\/store_092\/wp-json\/wp\/v2\/types\/product"}],"wp:featuredmedia":[{"embeddable":true,"href":"https:\/\/saanajaolli.com\/store_092\/wp-json\/wp\/v2\/media\/84049"}],"wp:attachment":[{"href":"https:\/\/saanajaolli.com\/store_092\/wp-json\/wp\/v2\/media?parent=84047"}],"wp:term":[{"taxonomy":"product_brand","embeddable":true,"href":"https:\/\/saanajaolli.com\/store_092\/wp-json\/wp\/v2\/product_brand?post=84047"},{"taxonomy":"product_cat","embeddable":true,"href":"https:\/\/saanajaolli.com\/store_092\/wp-json\/wp\/v2\/product_cat?post=84047"},{"taxonomy":"product_tag","embeddable":true,"href":"https:\/\/saanajaolli.com\/store_092\/wp-json\/wp\/v2\/product_tag?post=84047"}],"curies":[{"name":"wp","href":"https:\/\/api.w.org\/{rel}","templated":true}]}}