{"id":83988,"date":"2025-12-04T12:13:27","date_gmt":"2025-12-04T12:13:27","guid":{"rendered":"https:\/\/saanajaolli.com\/store_092\/?post_type=product&#038;p=83988"},"modified":"2026-03-09T12:31:36","modified_gmt":"2026-03-09T12:31:36","slug":"joutilas-cosmetic-bag","status":"publish","type":"product","link":"https:\/\/saanajaolli.com\/store_092\/product\/joutilas-cosmetic-bag\/","title":{"rendered":"Joutilas cosmetic bag"},"content":{"rendered":"","protected":false},"excerpt":{"rendered":"<p>Joutilas (In My Own Time) cosmetic bag<\/p>\n<p>In My Own Time collection is a praise for times of rest and those scarce moments when you don\u2019t have to do anything.<\/p>\n<p>Sizes:<\/p>\n<p>26x18x13 cm (10,2&#215;7,1&#215;5,1 inch)<\/p>\n<p>36x27x18 cm (14,1&#215;10,6&#215;7,1 inch)<\/p>\n<p>Fabric: European 100% hemp fabric<br \/>\n[ wash: 40\u00b0C (104\u00b0F) | iron: high heat with steam 200\u00b0C ]<\/p>\n<p>100% pure hemp fabric may shrink about 5% to 10% after first washing.<\/p>\n<p>Transparently manufactured in\u00a0<a href=\"https:\/\/www.saanajaolli.com\/site\/#production\" target=\"_blank\" rel=\"noopener noreferrer\">Finland.<\/a><\/p>\n<p>We ship worldwide.<\/p>\n<hr \/>\n<p>Joutilas (In My Own Time) kosmetiikkalaukku<\/p>\n<p>Joutilas-mallisto on ylistyslaulu levolle ja niille harvinaisille hetkille, jolloin ei tarvitse tehd\u00e4 mit\u00e4\u00e4n.<\/p>\n<p>Koot:<\/p>\n<p>26x18x13 cm<\/p>\n<p>36x27x18 cm<\/p>\n<p>Kangas: EU:ssa valmistettu 100% hamppukangas<br \/>\n[ pesu: 40\u00b0C \u00a0|\u00a0silitys: \u2022\u2022\u2022 max 200\u00b0C ]<\/p>\n<p>100% hamppukangas voi kutistua 5-10% ensimm\u00e4isess\u00e4 pesussa.<\/p>\n<p>Valmistettu l\u00e4pin\u00e4kyv\u00e4sti Suomessa.<\/p>\n","protected":false},"featured_media":83998,"template":"","meta":{"_acf_changed":false},"product_brand":[],"product_cat":[20,33],"product_tag":[],"class_list":{"0":"post-83988","1":"product","2":"type-product","3":"status-publish","4":"has-post-thumbnail","6":"product_cat-hemp-textiles","7":"product_cat-cosmetic-bags-hemp-textiles","8":"product_shipping_class-postipaketti-xs","10":"first","11":"instock","12":"taxable","13":"shipping-taxable","14":"purchasable","15":"product-type-variable"},"acf":[],"_links":{"self":[{"href":"https:\/\/saanajaolli.com\/store_092\/wp-json\/wp\/v2\/product\/83988","targetHints":{"allow":["GET"]}}],"collection":[{"href":"https:\/\/saanajaolli.com\/store_092\/wp-json\/wp\/v2\/product"}],"about":[{"href":"https:\/\/saanajaolli.com\/store_092\/wp-json\/wp\/v2\/types\/product"}],"wp:featuredmedia":[{"embeddable":true,"href":"https:\/\/saanajaolli.com\/store_092\/wp-json\/wp\/v2\/media\/83998"}],"wp:attachment":[{"href":"https:\/\/saanajaolli.com\/store_092\/wp-json\/wp\/v2\/media?parent=83988"}],"wp:term":[{"taxonomy":"product_brand","embeddable":true,"href":"https:\/\/saanajaolli.com\/store_092\/wp-json\/wp\/v2\/product_brand?post=83988"},{"taxonomy":"product_cat","embeddable":true,"href":"https:\/\/saanajaolli.com\/store_092\/wp-json\/wp\/v2\/product_cat?post=83988"},{"taxonomy":"product_tag","embeddable":true,"href":"https:\/\/saanajaolli.com\/store_092\/wp-json\/wp\/v2\/product_tag?post=83988"}],"curies":[{"name":"wp","href":"https:\/\/api.w.org\/{rel}","templated":true}]}}