{"id":83960,"date":"2025-12-04T12:12:44","date_gmt":"2025-12-04T12:12:44","guid":{"rendered":"https:\/\/saanajaolli.com\/store_092\/?post_type=product&#038;p=83960"},"modified":"2026-03-10T09:35:49","modified_gmt":"2026-03-10T09:35:49","slug":"joutilas-bag","status":"publish","type":"product","link":"https:\/\/saanajaolli.com\/store_092\/product\/joutilas-bag\/","title":{"rendered":"Joutilas bag"},"content":{"rendered":"","protected":false},"excerpt":{"rendered":"<p>Joutilas (In My Own Time) bag<\/p>\n<p>In My Own Time collection is a praise for times of rest and those scarce moments when you don\u2019t have to do anything.<\/p>\n<p>Quilted hemp fabric bag with padded handles fits all of your daily belongings.<\/p>\n<p>Size: 46&#215;46 cm (18,1&#215;18,1 inch)<\/p>\n<p>Fabric: European 100% hemp fabric.<br \/>\nFilling: 100% recycled textile fiber. Made in Finland.<br \/>\n[ wash: 30\u00b0C (86\u00b0F) | iron: high heat with steam 200\u00b0C | <span class=\"s1\">Reshape whilst damp<\/span> ]<\/p>\n<p>100% pure hemp fabric may shrink about 5% to 10% after first washing.<\/p>\n<p>Transparently manufactured in\u00a0<a href=\"https:\/\/www.saanajaolli.com\/site\/#production\" target=\"_blank\" rel=\"noopener noreferrer\">Finland.<\/a><\/p>\n<p>We ship worldwide.<\/p>\n<hr \/>\n<p>Joutilas (In My Own Time) kassi<\/p>\n<p>Joutilas-mallisto on ylistyslaulu levolle ja niille harvinaisille hetkille, jolloin ei tarvitse tehd\u00e4 mit\u00e4\u00e4n.<\/p>\n<p>Tikattu pehme\u00e4 kassi topatuilla olkaimilla.<\/p>\n<p>Koko: 46&#215;46 cm<\/p>\n<p>Kangas: EU:ssa valmistettu 100% hamppukangas<br \/>\nT\u00e4ytevanu: Suomessa valmistettu 100% kierr\u00e4tetty tekstiilikuitumatto<br \/>\n[ pesu: hienopesu 30\u00b0C \u00a0| silitys: \u2022\u2022\u2022 max 200\u00b0C\u00a0| muotoile\u00a0kosteana ]<\/p>\n<p>100% hamppukangas voi kutistua 5-10% ensimm\u00e4isess\u00e4 pesussa.<\/p>\n<p>Valmistettu l\u00e4pin\u00e4kyv\u00e4sti Suomessa.<\/p>\n","protected":false},"featured_media":83965,"template":"","meta":{"_acf_changed":false},"product_brand":[],"product_cat":[20,59],"product_tag":[],"class_list":{"0":"post-83960","1":"product","2":"type-product","3":"status-publish","4":"has-post-thumbnail","6":"product_cat-hemp-textiles","7":"product_cat-bags","8":"product_shipping_class-postipaketti-s","10":"first","11":"instock","12":"taxable","13":"shipping-taxable","14":"purchasable","15":"product-type-variable"},"acf":[],"_links":{"self":[{"href":"https:\/\/saanajaolli.com\/store_092\/wp-json\/wp\/v2\/product\/83960","targetHints":{"allow":["GET"]}}],"collection":[{"href":"https:\/\/saanajaolli.com\/store_092\/wp-json\/wp\/v2\/product"}],"about":[{"href":"https:\/\/saanajaolli.com\/store_092\/wp-json\/wp\/v2\/types\/product"}],"wp:featuredmedia":[{"embeddable":true,"href":"https:\/\/saanajaolli.com\/store_092\/wp-json\/wp\/v2\/media\/83965"}],"wp:attachment":[{"href":"https:\/\/saanajaolli.com\/store_092\/wp-json\/wp\/v2\/media?parent=83960"}],"wp:term":[{"taxonomy":"product_brand","embeddable":true,"href":"https:\/\/saanajaolli.com\/store_092\/wp-json\/wp\/v2\/product_brand?post=83960"},{"taxonomy":"product_cat","embeddable":true,"href":"https:\/\/saanajaolli.com\/store_092\/wp-json\/wp\/v2\/product_cat?post=83960"},{"taxonomy":"product_tag","embeddable":true,"href":"https:\/\/saanajaolli.com\/store_092\/wp-json\/wp\/v2\/product_tag?post=83960"}],"curies":[{"name":"wp","href":"https:\/\/api.w.org\/{rel}","templated":true}]}}