{"id":83942,"date":"2025-12-04T12:14:27","date_gmt":"2025-12-04T12:14:27","guid":{"rendered":"https:\/\/saanajaolli.com\/store_092\/?post_type=product&#038;p=83942"},"modified":"2026-03-10T08:32:59","modified_gmt":"2026-03-10T08:32:59","slug":"joutilas-slippers","status":"publish","type":"product","link":"https:\/\/saanajaolli.com\/store_092\/product\/joutilas-slippers\/","title":{"rendered":"Joutilas slippers"},"content":{"rendered":"","protected":false},"excerpt":{"rendered":"<p>Joutilas (In My Own Time) slippers<\/p>\n<p>In My Own Time collection is a praise for times of rest and those scarce moments when you don\u2019t have to do anything.<\/p>\n<p>Sizes (insole length):<br \/>\n36-38 (25 cm | 9,8 inch)<br \/>\n39-41 (26 cm | 10,2 inch)<br \/>\n42-44 (28 cm | 11 inch)<\/p>\n<p>Fabric: European 100% hemp fabric.<br \/>\nFilling: 100% recycled textile fiber. Made in Finland.<br \/>\n[ wash: 30\u00b0C (86\u00b0F) | \u00a0iron: high heat with steam 200\u00b0C |<span class=\"s1\">\u00a0reshape whilst damp<\/span> ]<\/p>\n<p>100% pure hemp fabric may shrink about 5% to 10% after first washing.<\/p>\n<p>Transparently manufactured in\u00a0<a href=\"https:\/\/www.saanajaolli.com\/site\/#production\" target=\"_blank\" rel=\"noopener noreferrer\">Finland.<\/a><\/p>\n<p>We ship worldwide.<\/p>\n<hr \/>\n<p>Joutilas (In My Own Time) tossut<\/p>\n<p>Joutilas-mallisto on ylistyslaulu levolle ja niille harvinaisille hetkille, jolloin ei tarvitse tehd\u00e4 mit\u00e4\u00e4n.<\/p>\n<p>Koot (sis\u00e4mitta):<br \/>\n36-38 (25 cm)<br \/>\n39-41 (26 cm)<br \/>\n42-44 (28 cm)<\/p>\n<p>Kangas: EU:ssa valmistettu 100% hamppukangas<br \/>\nT\u00e4ytevanu: Suomessa valmistettu 100% kierr\u00e4tetty tekstiilikuitumatto.<br \/>\n[ pesu: hienopesu 30\u00b0C \u00a0| silitys: \u2022\u2022\u2022 max 200\u00b0C\u00a0| muotoile\u00a0kosteana ]<\/p>\n<p>100% hamppukangas voi kutistua 5-10% ensimm\u00e4isess\u00e4 pesussa.<\/p>\n<p>Valmistettu l\u00e4pin\u00e4kyv\u00e4sti Suomessa.<\/p>\n","protected":false},"featured_media":83952,"template":"","meta":{"_acf_changed":false},"product_brand":[],"product_cat":[20,58],"product_tag":[],"class_list":{"0":"post-83942","1":"product","2":"type-product","3":"status-publish","4":"has-post-thumbnail","6":"product_cat-hemp-textiles","7":"product_cat-clothing","8":"product_shipping_class-postipaketti-s","10":"first","11":"instock","12":"taxable","13":"shipping-taxable","14":"purchasable","15":"product-type-variable"},"acf":[],"_links":{"self":[{"href":"https:\/\/saanajaolli.com\/store_092\/wp-json\/wp\/v2\/product\/83942","targetHints":{"allow":["GET"]}}],"collection":[{"href":"https:\/\/saanajaolli.com\/store_092\/wp-json\/wp\/v2\/product"}],"about":[{"href":"https:\/\/saanajaolli.com\/store_092\/wp-json\/wp\/v2\/types\/product"}],"wp:featuredmedia":[{"embeddable":true,"href":"https:\/\/saanajaolli.com\/store_092\/wp-json\/wp\/v2\/media\/83952"}],"wp:attachment":[{"href":"https:\/\/saanajaolli.com\/store_092\/wp-json\/wp\/v2\/media?parent=83942"}],"wp:term":[{"taxonomy":"product_brand","embeddable":true,"href":"https:\/\/saanajaolli.com\/store_092\/wp-json\/wp\/v2\/product_brand?post=83942"},{"taxonomy":"product_cat","embeddable":true,"href":"https:\/\/saanajaolli.com\/store_092\/wp-json\/wp\/v2\/product_cat?post=83942"},{"taxonomy":"product_tag","embeddable":true,"href":"https:\/\/saanajaolli.com\/store_092\/wp-json\/wp\/v2\/product_tag?post=83942"}],"curies":[{"name":"wp","href":"https:\/\/api.w.org\/{rel}","templated":true}]}}