{"id":83922,"date":"2025-12-04T12:15:15","date_gmt":"2025-12-04T12:15:15","guid":{"rendered":"https:\/\/saanajaolli.com\/store_092\/?post_type=product&#038;p=83922"},"modified":"2026-03-29T16:41:53","modified_gmt":"2026-03-29T16:41:53","slug":"joutilas-interior-pillow","status":"publish","type":"product","link":"https:\/\/saanajaolli.com\/store_092\/product\/joutilas-interior-pillow\/","title":{"rendered":"Joutilas interior pillow"},"content":{"rendered":"","protected":false},"excerpt":{"rendered":"<p>Joutilas (In My Own Time) interior pillow<\/p>\n<p>In My Own Time collection is a praise for times of rest and those scarce moments when you don\u2019t have to do anything.<\/p>\n<p>Sizes:<\/p>\n<p>40&#215;60 cm (15,7&#215;23,6 inch)<\/p>\n<p>60&#215;80 cm (23,6&#215;31,5 inch)<\/p>\n<p>Fabric: European 100% hemp fabric<br \/>\n[ wash: 40\u00b0C (104\u00b0F) | iron: high heat with steam 200\u00b0C ]<br \/>\nRemovable interior pillow filling: Finnish 100% Eco-Logic polyester<\/p>\n<p>100% pure hemp fabric may shrink about 5% to 10% after first washing.<\/p>\n<p>Transparently manufactured in <a href=\"https:\/\/www.saanajaolli.com\/site\/#production\" target=\"_blank\" rel=\"noopener noreferrer\">Finland.<\/a><\/p>\n<p>We ship worldwide.<\/p>\n<hr \/>\n<p>Joutilas (In My Own Time) sisustustyyny<\/p>\n<p>Joutilas-mallisto on ylistyslaulu levolle ja niille harvinaisille hetkille, jolloin ei tarvitse tehd\u00e4 mit\u00e4\u00e4n.<\/p>\n<p>Koot:<\/p>\n<p>40&#215;60 cm<\/p>\n<p>60&#215;80 cm<\/p>\n<p>Kangas: EU:ssa valmistettu 100% hamppukangas<br \/>\n[ pesu: 40\u00b0C \u00a0| silitys: \u2022\u2022\u2022 max 200\u00b0C ]<br \/>\nSis\u00e4tyyny: suomalainen 100% Eco-Logic polyester<\/p>\n<p>100% hamppukangas voi kutistua 5-10% ensimm\u00e4isess\u00e4 pesussa.<\/p>\n<p>Valmistettu l\u00e4pin\u00e4kyv\u00e4sti Suomessa.<\/p>\n","protected":false},"featured_media":83941,"template":"","meta":{"_acf_changed":false},"product_brand":[],"product_cat":[20,23],"product_tag":[],"class_list":{"0":"post-83922","1":"product","2":"type-product","3":"status-publish","4":"has-post-thumbnail","6":"product_cat-hemp-textiles","7":"product_cat-pillows-hemp-textiles","9":"first","10":"instock","11":"taxable","12":"shipping-taxable","13":"purchasable","14":"product-type-variable"},"acf":[],"_links":{"self":[{"href":"https:\/\/saanajaolli.com\/store_092\/wp-json\/wp\/v2\/product\/83922","targetHints":{"allow":["GET"]}}],"collection":[{"href":"https:\/\/saanajaolli.com\/store_092\/wp-json\/wp\/v2\/product"}],"about":[{"href":"https:\/\/saanajaolli.com\/store_092\/wp-json\/wp\/v2\/types\/product"}],"wp:featuredmedia":[{"embeddable":true,"href":"https:\/\/saanajaolli.com\/store_092\/wp-json\/wp\/v2\/media\/83941"}],"wp:attachment":[{"href":"https:\/\/saanajaolli.com\/store_092\/wp-json\/wp\/v2\/media?parent=83922"}],"wp:term":[{"taxonomy":"product_brand","embeddable":true,"href":"https:\/\/saanajaolli.com\/store_092\/wp-json\/wp\/v2\/product_brand?post=83922"},{"taxonomy":"product_cat","embeddable":true,"href":"https:\/\/saanajaolli.com\/store_092\/wp-json\/wp\/v2\/product_cat?post=83922"},{"taxonomy":"product_tag","embeddable":true,"href":"https:\/\/saanajaolli.com\/store_092\/wp-json\/wp\/v2\/product_tag?post=83922"}],"curies":[{"name":"wp","href":"https:\/\/api.w.org\/{rel}","templated":true}]}}