{"id":79184,"date":"2024-11-25T13:01:46","date_gmt":"2024-11-25T13:01:46","guid":{"rendered":"https:\/\/saanajaolli.com\/store_092\/?post_type=product&#038;p=79184"},"modified":"2026-03-11T08:29:05","modified_gmt":"2026-03-11T08:29:05","slug":"dark-brown-pouch","status":"publish","type":"product","link":"https:\/\/saanajaolli.com\/store_092\/product\/dark-brown-pouch\/","title":{"rendered":"Dark brown pouch"},"content":{"rendered":"","protected":false},"excerpt":{"rendered":"<p>P\u00e4ivin ja \u00f6in (Day and night) pouch<br \/>\nLimited dark brown edition<\/p>\n<p>In P\u00e4ivin ja \u00d6in (Day and Night) we wanted to celebrate everyday life. We designed a collection\u00a0of usable, timeless products that elevate your daily life with their warmness and softness.<\/p>\n<p>Quilted small hemp fabric bag for your belongings. Bag has a zipper closure and a padded handle.<\/p>\n<p>Size: 16&#215;25 cm (6,3&#215;9,8 inch)<\/p>\n<p>Fabric: European 100% hemp fabric.<br \/>\nFilling: 100% recycled textile fiber. Made in Finland.<br \/>\n[ wash: 30\u00b0C (86\u00b0F) | iron: high heat with steam 200\u00b0C | r<span class=\"s1\">eshape whilst damp<\/span> ]<\/p>\n<p>100% pure hemp fabric may shrink about 5% to 10% after first washing.<\/p>\n<p>Transparently manufactured in\u00a0<a href=\"https:\/\/www.saanajaolli.com\/site\/#production\" target=\"_blank\" rel=\"noopener noreferrer\">Finland.<\/a><\/p>\n<p>We ship worldwide.<\/p>\n<hr \/>\n<p>P\u00e4ivin ja \u00f6in (Day and Night) laukku<br \/>\nRajoitettu er\u00e4 tummanruskealla kankaalla<\/p>\n<p>P\u00e4ivin ja \u00f6in- mallistoon halusimme luoda sarjan pehmeit\u00e4 tuotteita, jotka tekev\u00e4t jokaisesta p\u00e4iv\u00e4st\u00e4 l\u00e4mpim\u00e4mpi\u00e4 ja kauniimpia.<\/p>\n<p>Tikattu pehme\u00e4 laukku vetoketjulla ja topatulla hihnalla.<\/p>\n<p>Koko: 46&#215;46 cm<\/p>\n<p>Kangas: EU:ssa valmistettu 100% hamppukangas<br \/>\nT\u00e4ytevanu: Suomessa valmistettu 100% kierr\u00e4tetty tekstiilikuitumatto.<br \/>\n[ pesu: hienopesu 30\u00b0C \u00a0| silitys: \u2022\u2022\u2022 max 200\u00b0C\u00a0| muotoile\u00a0kosteana ]<\/p>\n<p>Valmistettu 100% hamppukangas voi kutistua 5-10% ensimm\u00e4isess\u00e4 pesussa.<\/p>\n<p>Valmistettu l\u00e4pin\u00e4kyv\u00e4sti Suomessa.<\/p>\n","protected":false},"featured_media":79246,"template":"","meta":{"_acf_changed":false},"product_brand":[],"product_cat":[20,59],"product_tag":[],"class_list":{"0":"post-79184","1":"product","2":"type-product","3":"status-publish","4":"has-post-thumbnail","6":"product_cat-hemp-textiles","7":"product_cat-bags","8":"product_shipping_class-postipaketti-xs","10":"first","11":"instock","12":"taxable","13":"shipping-taxable","14":"purchasable","15":"product-type-simple"},"acf":[],"_links":{"self":[{"href":"https:\/\/saanajaolli.com\/store_092\/wp-json\/wp\/v2\/product\/79184","targetHints":{"allow":["GET"]}}],"collection":[{"href":"https:\/\/saanajaolli.com\/store_092\/wp-json\/wp\/v2\/product"}],"about":[{"href":"https:\/\/saanajaolli.com\/store_092\/wp-json\/wp\/v2\/types\/product"}],"wp:featuredmedia":[{"embeddable":true,"href":"https:\/\/saanajaolli.com\/store_092\/wp-json\/wp\/v2\/media\/79246"}],"wp:attachment":[{"href":"https:\/\/saanajaolli.com\/store_092\/wp-json\/wp\/v2\/media?parent=79184"}],"wp:term":[{"taxonomy":"product_brand","embeddable":true,"href":"https:\/\/saanajaolli.com\/store_092\/wp-json\/wp\/v2\/product_brand?post=79184"},{"taxonomy":"product_cat","embeddable":true,"href":"https:\/\/saanajaolli.com\/store_092\/wp-json\/wp\/v2\/product_cat?post=79184"},{"taxonomy":"product_tag","embeddable":true,"href":"https:\/\/saanajaolli.com\/store_092\/wp-json\/wp\/v2\/product_tag?post=79184"}],"curies":[{"name":"wp","href":"https:\/\/api.w.org\/{rel}","templated":true}]}}