{"id":722,"date":"2019-12-17T11:52:11","date_gmt":"2019-12-17T11:52:11","guid":{"rendered":"http:\/\/saanajaolli.com\/store_092\/?post_type=product&#038;p=722"},"modified":"2025-05-27T11:05:15","modified_gmt":"2025-05-27T11:05:15","slug":"varfor-paris-vi-har-ju-abo-poster","status":"publish","type":"product","link":"https:\/\/saanajaolli.com\/store_092\/product\/varfor-paris-vi-har-ju-abo-poster\/","title":{"rendered":"Varf\u00f6r Paris vi har ju \u00c5bo poster"},"content":{"rendered":"","protected":false},"excerpt":{"rendered":"<p>Varf\u00f6r Paris vi har ju \u00c5bo -poster<\/p>\n<p>Size: 50&#215;70 cm (19,7&#215;27,5 inch)<\/p>\n<p>Printed with professional pride on 180 g\/m\u00b2 paper in Turku, Finland.<\/p>\n<p>Varf\u00f6r Paris -posters are a support product for\u00a0<a href=\"http:\/\/www.uudenmuotoilunyhdistys.fi\/\" target=\"_blank\" rel=\"noopener noreferrer\">Uuden muotoilun yhdistys<\/a>\u00a0(Turku new design association) and makes for example\u00a0<a href=\"http:\/\/www.turkudesignfestival.fi\/\" target=\"_blank\" rel=\"noopener noreferrer\">Turku Design Festival<\/a>\u00a0possible. Design by Tomi Lepp\u00e4nen<\/p>\n<p>We ship worldwide.<br \/>\nPosters shipped in cardboard tube.<\/p>\n","protected":false},"featured_media":1978,"template":"","meta":{"_acf_changed":false},"product_brand":[],"product_cat":[34,35],"product_tag":[],"class_list":{"0":"post-722","1":"product","2":"type-product","3":"status-publish","4":"has-post-thumbnail","6":"product_cat-paper","7":"product_cat-posters-paper","8":"product_shipping_class-juliste","10":"first","11":"instock","12":"taxable","13":"shipping-taxable","14":"purchasable","15":"product-type-variable"},"acf":[],"_links":{"self":[{"href":"https:\/\/saanajaolli.com\/store_092\/wp-json\/wp\/v2\/product\/722","targetHints":{"allow":["GET"]}}],"collection":[{"href":"https:\/\/saanajaolli.com\/store_092\/wp-json\/wp\/v2\/product"}],"about":[{"href":"https:\/\/saanajaolli.com\/store_092\/wp-json\/wp\/v2\/types\/product"}],"wp:featuredmedia":[{"embeddable":true,"href":"https:\/\/saanajaolli.com\/store_092\/wp-json\/wp\/v2\/media\/1978"}],"wp:attachment":[{"href":"https:\/\/saanajaolli.com\/store_092\/wp-json\/wp\/v2\/media?parent=722"}],"wp:term":[{"taxonomy":"product_brand","embeddable":true,"href":"https:\/\/saanajaolli.com\/store_092\/wp-json\/wp\/v2\/product_brand?post=722"},{"taxonomy":"product_cat","embeddable":true,"href":"https:\/\/saanajaolli.com\/store_092\/wp-json\/wp\/v2\/product_cat?post=722"},{"taxonomy":"product_tag","embeddable":true,"href":"https:\/\/saanajaolli.com\/store_092\/wp-json\/wp\/v2\/product_tag?post=722"}],"curies":[{"name":"wp","href":"https:\/\/api.w.org\/{rel}","templated":true}]}}