{"id":67523,"date":"2024-04-12T07:46:42","date_gmt":"2024-04-12T07:46:42","guid":{"rendered":"https:\/\/saanajaolli.com\/store_092\/?post_type=product&#038;p=67523"},"modified":"2026-04-15T11:13:09","modified_gmt":"2026-04-15T11:13:09","slug":"ennakkotilaus-vauvakirja-saana-ja-olli","status":"publish","type":"product","link":"https:\/\/saanajaolli.com\/store_092\/product\/ennakkotilaus-vauvakirja-saana-ja-olli\/","title":{"rendered":"Vauvakirja Saana ja Olli"},"content":{"rendered":"","protected":false},"excerpt":{"rendered":"<p>Vauvakirja &#8211; Saana ja Olli<\/p>\n<p>Vauvakirja on k\u00e4sin piirretty ja aikaa kest\u00e4v\u00e4 kovakantinen teos, johon on ilo kirjata ensimm\u00e4isen vauvavuoden t\u00e4rke\u00e4t muistot ja etapit talteen. Kirja ottaa huomioon perheiden monimuotoisuuden. Mukana tilaa my\u00f6s piirustuksille, valokuville ja takakannessa s\u00e4ilytystasku pienille aarteille.<\/p>\n<p>Kustantaja: WSOY<br \/>\nSivum\u00e4\u00e4r\u00e4: 88 s.<br \/>\nJulkaisuvuosi: 2024<br \/>\nKoko: 19,5 x 26cm<\/p>\n<p>Suunniteltu Wsoy:lle.<br \/>\nPainettu EU:ssa.<\/p>\n<p>We ship worldwide.<\/p>\n<p>* Halutessasi saat signeerauksen ja\/tai omistuskirjoituksen kirjaasi! Kerro haluamasi teksti tilatessa order notes-kohdassa.<\/p>\n","protected":false},"featured_media":67549,"template":"","meta":{"_acf_changed":false},"product_brand":[],"product_cat":[34,37,39,42],"product_tag":[],"class_list":{"0":"post-67523","1":"product","2":"type-product","3":"status-publish","4":"has-post-thumbnail","6":"product_cat-paper","7":"product_cat-stationery","8":"product_cat-notebooks-stationery","9":"product_cat-others","10":"product_shipping_class-postipaketti-xs","12":"first","13":"instock","14":"taxable","15":"shipping-taxable","16":"purchasable","17":"product-type-simple"},"acf":[],"_links":{"self":[{"href":"https:\/\/saanajaolli.com\/store_092\/wp-json\/wp\/v2\/product\/67523","targetHints":{"allow":["GET"]}}],"collection":[{"href":"https:\/\/saanajaolli.com\/store_092\/wp-json\/wp\/v2\/product"}],"about":[{"href":"https:\/\/saanajaolli.com\/store_092\/wp-json\/wp\/v2\/types\/product"}],"wp:featuredmedia":[{"embeddable":true,"href":"https:\/\/saanajaolli.com\/store_092\/wp-json\/wp\/v2\/media\/67549"}],"wp:attachment":[{"href":"https:\/\/saanajaolli.com\/store_092\/wp-json\/wp\/v2\/media?parent=67523"}],"wp:term":[{"taxonomy":"product_brand","embeddable":true,"href":"https:\/\/saanajaolli.com\/store_092\/wp-json\/wp\/v2\/product_brand?post=67523"},{"taxonomy":"product_cat","embeddable":true,"href":"https:\/\/saanajaolli.com\/store_092\/wp-json\/wp\/v2\/product_cat?post=67523"},{"taxonomy":"product_tag","embeddable":true,"href":"https:\/\/saanajaolli.com\/store_092\/wp-json\/wp\/v2\/product_tag?post=67523"}],"curies":[{"name":"wp","href":"https:\/\/api.w.org\/{rel}","templated":true}]}}