{"id":60974,"date":"2023-12-05T12:46:26","date_gmt":"2023-12-05T12:46:26","guid":{"rendered":"https:\/\/saanajaolli.com\/store_092\/?post_type=product&#038;p=60974"},"modified":"2024-04-26T08:27:42","modified_gmt":"2024-04-26T08:27:42","slug":"sauna-collection-unien-talo-sauna-bag","status":"publish","type":"product","link":"https:\/\/saanajaolli.com\/store_092\/product\/sauna-collection-unien-talo-sauna-bag\/","title":{"rendered":"Sauna collection &#8211; Unien talo sauna bag"},"content":{"rendered":"","protected":false},"excerpt":{"rendered":"<p>Limited edition Unien talo (House of dreming) sauna bag<\/p>\n<p>Size: 47&#215;57 cm<br \/>\nwith pocket<\/p>\n<p>Colour: Beige &#8211; white<\/p>\n<p>Fabric: European 100% hemp fabric<br \/>\n[ wash: 60\u00b0C (140\u00b0F) | iron: high heat with steam 200\u00b0C ]<\/p>\n<p>Transparently manufactured in\u00a0<a href=\"https:\/\/www.saanajaolli.com\/site\/#production\" target=\"_blank\" rel=\"noopener noreferrer\">Finland.<\/a><\/p>\n<p>We ship worldwide.<\/p>\n<hr \/>\n<p>Unien talo saunakassi<br \/>\nRajoitettu er\u00e4 valkoisella painatuksella.<\/p>\n<p>Kangas: EU:ssa valmistettu 100% hamppukangas<br \/>\n[ pesu: 60\u00b0C \u00a0| silitys: high heat with steam 200\u00b0C ]<\/p>\n<p>Koko: 47&#215;57 cm<br \/>\nSis\u00e4ll\u00e4 tasku.<\/p>\n<p>Valmistettu l\u00e4pin\u00e4kyv\u00e4sti Suomessa.<\/p>\n","protected":false},"featured_media":60980,"template":"","meta":{"_acf_changed":false},"product_brand":[],"product_cat":[20,59],"product_tag":[],"class_list":{"0":"post-60974","1":"product","2":"type-product","3":"status-publish","4":"has-post-thumbnail","6":"product_cat-hemp-textiles","7":"product_cat-bags","8":"product_shipping_class-postipaketti-xs","10":"first","11":"instock","12":"taxable","13":"shipping-taxable","14":"purchasable","15":"product-type-simple"},"acf":[],"_links":{"self":[{"href":"https:\/\/saanajaolli.com\/store_092\/wp-json\/wp\/v2\/product\/60974","targetHints":{"allow":["GET"]}}],"collection":[{"href":"https:\/\/saanajaolli.com\/store_092\/wp-json\/wp\/v2\/product"}],"about":[{"href":"https:\/\/saanajaolli.com\/store_092\/wp-json\/wp\/v2\/types\/product"}],"wp:featuredmedia":[{"embeddable":true,"href":"https:\/\/saanajaolli.com\/store_092\/wp-json\/wp\/v2\/media\/60980"}],"wp:attachment":[{"href":"https:\/\/saanajaolli.com\/store_092\/wp-json\/wp\/v2\/media?parent=60974"}],"wp:term":[{"taxonomy":"product_brand","embeddable":true,"href":"https:\/\/saanajaolli.com\/store_092\/wp-json\/wp\/v2\/product_brand?post=60974"},{"taxonomy":"product_cat","embeddable":true,"href":"https:\/\/saanajaolli.com\/store_092\/wp-json\/wp\/v2\/product_cat?post=60974"},{"taxonomy":"product_tag","embeddable":true,"href":"https:\/\/saanajaolli.com\/store_092\/wp-json\/wp\/v2\/product_tag?post=60974"}],"curies":[{"name":"wp","href":"https:\/\/api.w.org\/{rel}","templated":true}]}}