{"id":60888,"date":"2023-12-04T10:42:25","date_gmt":"2023-12-04T10:42:25","guid":{"rendered":"https:\/\/saanajaolli.com\/store_092\/?post_type=product&#038;p=60888"},"modified":"2026-02-24T11:11:33","modified_gmt":"2026-02-24T11:11:33","slug":"sauna-collection-unien-talo-towel","status":"publish","type":"product","link":"https:\/\/saanajaolli.com\/store_092\/product\/sauna-collection-unien-talo-towel\/","title":{"rendered":"Sauna collection &#8211; Unien talo towel"},"content":{"rendered":"","protected":false},"excerpt":{"rendered":"<p>Limited edition Unien talo (House of Dreaming) towel<\/p>\n<p>Size: 80 \u00d7 145 cm (31,4 \u00d7 57 inch)<\/p>\n<p>Colour: Beige &#8211; white<\/p>\n<p>Fabric: European 100% hemp fabric<br \/>\n[ wash: 60\u00b0C (140\u00b0F) | iron: high heat with steam 200\u00b0C ]<br \/>\n100% pure hemp fabric may shrink about 5% to 10% after first washing.<\/p>\n<p>Transparently manufactured in <a href=\"https:\/\/www.saanajaolli.com\/site\/#production\" target=\"_blank\" rel=\"noopener noreferrer\">Finland.<\/a><\/p>\n<p>We ship worldwide.<\/p>\n<hr \/>\n<p>Unien talo pyyhe<br \/>\nRajoitettu er\u00e4 valkoisella painatuksella<\/p>\n<p>Kangas: EU:ssa valmistettu 100% hamppukangas<br \/>\n[ pesu: 60\u00b0C \u00a0| silitys: high heat with steam 200\u00b0C ]<\/p>\n<p>Valmistettu l\u00e4pin\u00e4kyv\u00e4sti Suomessa.<\/p>\n","protected":false},"featured_media":60893,"template":"","meta":{"_acf_changed":false},"product_brand":[],"product_cat":[20,58],"product_tag":[],"class_list":{"0":"post-60888","1":"product","2":"type-product","3":"status-publish","4":"has-post-thumbnail","6":"product_cat-hemp-textiles","7":"product_cat-clothing","8":"product_shipping_class-postipaketti-xs","10":"first","11":"instock","12":"taxable","13":"shipping-taxable","14":"purchasable","15":"product-type-simple"},"acf":[],"_links":{"self":[{"href":"https:\/\/saanajaolli.com\/store_092\/wp-json\/wp\/v2\/product\/60888","targetHints":{"allow":["GET"]}}],"collection":[{"href":"https:\/\/saanajaolli.com\/store_092\/wp-json\/wp\/v2\/product"}],"about":[{"href":"https:\/\/saanajaolli.com\/store_092\/wp-json\/wp\/v2\/types\/product"}],"wp:featuredmedia":[{"embeddable":true,"href":"https:\/\/saanajaolli.com\/store_092\/wp-json\/wp\/v2\/media\/60893"}],"wp:attachment":[{"href":"https:\/\/saanajaolli.com\/store_092\/wp-json\/wp\/v2\/media?parent=60888"}],"wp:term":[{"taxonomy":"product_brand","embeddable":true,"href":"https:\/\/saanajaolli.com\/store_092\/wp-json\/wp\/v2\/product_brand?post=60888"},{"taxonomy":"product_cat","embeddable":true,"href":"https:\/\/saanajaolli.com\/store_092\/wp-json\/wp\/v2\/product_cat?post=60888"},{"taxonomy":"product_tag","embeddable":true,"href":"https:\/\/saanajaolli.com\/store_092\/wp-json\/wp\/v2\/product_tag?post=60888"}],"curies":[{"name":"wp","href":"https:\/\/api.w.org\/{rel}","templated":true}]}}