{"id":60714,"date":"2023-12-01T10:39:09","date_gmt":"2023-12-01T10:39:09","guid":{"rendered":"https:\/\/saanajaolli.com\/store_092\/?post_type=product&#038;p=60714"},"modified":"2026-02-24T11:14:41","modified_gmt":"2026-02-24T11:14:41","slug":"sauna-collection-unien-talo-dressing-gown","status":"publish","type":"product","link":"https:\/\/saanajaolli.com\/store_092\/product\/sauna-collection-unien-talo-dressing-gown\/","title":{"rendered":"Sauna collection &#8211; Unien talo dressing gown"},"content":{"rendered":"","protected":false},"excerpt":{"rendered":"<p>Limited edition Unien talo (House of Dreaming) dressing gown<\/p>\n<p>Size: one size<\/p>\n<p>Measurements:<br \/>\n&#8211; length (neck to hem): 137 cm<br \/>\n&#8211; width: 64 cm<br \/>\n&#8211; sleeve length (neck to cuff): 72 cm<\/p>\n<p>Fabric: European 100% hemp fabric<br \/>\n[ wash: 60\u00b0C (140\u00b0F) | iron: high heat with steam 200\u00b0C ]<br \/>\n100% pure hemp fabric may shrink about 5% to 10% after first washing.<\/p>\n<p>Transparently manufactured in <a href=\"https:\/\/www.saanajaolli.com\/site\/#production\" target=\"_blank\" rel=\"noopener noreferrer\">Finland.<\/a><\/p>\n<p>We ship worldwide.<\/p>\n<hr \/>\n<p>Unien talo aamutakki<br \/>\nRajoitettu er\u00e4 valkoisella painatuksella.<\/p>\n<p>Koko: one size<\/p>\n<p>Mitat:<br \/>\n&#8211; sel\u00e4n pituus: 137 cm<br \/>\n&#8211; leveys: 64 cm<br \/>\n&#8211; hihojen pituus: 72 cm<\/p>\n<p>Kangas: EU:ssa valmistettu 100% hamppukangas<br \/>\n[ pesu: 60\u00b0C \u00a0| silitys: high heat with steam 200\u00b0C ]<\/p>\n<p>Valmistettu l\u00e4pin\u00e4kyv\u00e4sti Suomessa.<\/p>\n","protected":false},"featured_media":60875,"template":"","meta":{"_acf_changed":false},"product_brand":[],"product_cat":[20,58],"product_tag":[],"class_list":{"0":"post-60714","1":"product","2":"type-product","3":"status-publish","4":"has-post-thumbnail","6":"product_cat-hemp-textiles","7":"product_cat-clothing","8":"product_shipping_class-postipaketti-s","10":"first","11":"instock","12":"taxable","13":"shipping-taxable","14":"purchasable","15":"product-type-simple"},"acf":[],"_links":{"self":[{"href":"https:\/\/saanajaolli.com\/store_092\/wp-json\/wp\/v2\/product\/60714","targetHints":{"allow":["GET"]}}],"collection":[{"href":"https:\/\/saanajaolli.com\/store_092\/wp-json\/wp\/v2\/product"}],"about":[{"href":"https:\/\/saanajaolli.com\/store_092\/wp-json\/wp\/v2\/types\/product"}],"wp:featuredmedia":[{"embeddable":true,"href":"https:\/\/saanajaolli.com\/store_092\/wp-json\/wp\/v2\/media\/60875"}],"wp:attachment":[{"href":"https:\/\/saanajaolli.com\/store_092\/wp-json\/wp\/v2\/media?parent=60714"}],"wp:term":[{"taxonomy":"product_brand","embeddable":true,"href":"https:\/\/saanajaolli.com\/store_092\/wp-json\/wp\/v2\/product_brand?post=60714"},{"taxonomy":"product_cat","embeddable":true,"href":"https:\/\/saanajaolli.com\/store_092\/wp-json\/wp\/v2\/product_cat?post=60714"},{"taxonomy":"product_tag","embeddable":true,"href":"https:\/\/saanajaolli.com\/store_092\/wp-json\/wp\/v2\/product_tag?post=60714"}],"curies":[{"name":"wp","href":"https:\/\/api.w.org\/{rel}","templated":true}]}}