{"id":596,"date":"2020-02-18T09:59:40","date_gmt":"2020-02-18T09:59:40","guid":{"rendered":"http:\/\/saanajaolli.com\/store_092\/?post_type=product&#038;p=596"},"modified":"2025-12-02T10:17:59","modified_gmt":"2025-12-02T10:17:59","slug":"mielenmaisemia-canvas-bag","status":"publish","type":"product","link":"https:\/\/saanajaolli.com\/store_092\/product\/mielenmaisemia-canvas-bag\/","title":{"rendered":"Mielenmaisemia canvas bag"},"content":{"rendered":"","protected":false},"excerpt":{"rendered":"<p>Mielenmaisemia (Mindscapes) canvas bag<\/p>\n<p>With Mielenmaisemia (lit. Mindscapes) we wanted to celebrate beauty, memories and imagination. To find meaningful existance you don\u2019t have to travel far.<\/p>\n<p>Size: 46&#215;46 cm (18,11&#215;18,11 inch)<\/p>\n<p>Fabric: European 100% hemp fabric<br \/>\n[ wash: 40\u00b0C (140\u00b0F) | iron: high heat with steam 200\u00b0C ]<\/p>\n<p>Transparently manufactured in\u00a0<a href=\"https:\/\/www.saanajaolli.com\/site\/#production\" target=\"_blank\" rel=\"noopener noreferrer\">Finland.<\/a><\/p>\n<p>We ship worldwide.<\/p>\n<hr \/>\n<p>Mielenmaisemia kangaskassi<\/p>\n<p>Mielenmaisemia -kuosilla halusimme maalata oodin muistoille, estetiikalle ja mielikuvitukselle. L\u00f6yt\u00e4\u00e4kseen merkityksellisyytt\u00e4 ei tarvitse l\u00e4hte\u00e4 kauas.<\/p>\n<p>Kangas: EU:ssa valmistettu 100% hamppukangas<br \/>\n[ pesu: 40\u00b0C \u00a0| silitys: high heat with steam 200\u00b0C ]<\/p>\n<p>Valmistettu l\u00e4pin\u00e4kyv\u00e4sti Suomessa.<\/p>\n","protected":false},"featured_media":2126,"template":"","meta":{"_acf_changed":false},"product_brand":[],"product_cat":[20,59],"product_tag":[],"class_list":{"0":"post-596","1":"product","2":"type-product","3":"status-publish","4":"has-post-thumbnail","6":"product_cat-hemp-textiles","7":"product_cat-bags","8":"product_shipping_class-postipaketti-xs","10":"first","11":"instock","12":"taxable","13":"shipping-taxable","14":"purchasable","15":"product-type-variable"},"acf":[],"_links":{"self":[{"href":"https:\/\/saanajaolli.com\/store_092\/wp-json\/wp\/v2\/product\/596","targetHints":{"allow":["GET"]}}],"collection":[{"href":"https:\/\/saanajaolli.com\/store_092\/wp-json\/wp\/v2\/product"}],"about":[{"href":"https:\/\/saanajaolli.com\/store_092\/wp-json\/wp\/v2\/types\/product"}],"wp:featuredmedia":[{"embeddable":true,"href":"https:\/\/saanajaolli.com\/store_092\/wp-json\/wp\/v2\/media\/2126"}],"wp:attachment":[{"href":"https:\/\/saanajaolli.com\/store_092\/wp-json\/wp\/v2\/media?parent=596"}],"wp:term":[{"taxonomy":"product_brand","embeddable":true,"href":"https:\/\/saanajaolli.com\/store_092\/wp-json\/wp\/v2\/product_brand?post=596"},{"taxonomy":"product_cat","embeddable":true,"href":"https:\/\/saanajaolli.com\/store_092\/wp-json\/wp\/v2\/product_cat?post=596"},{"taxonomy":"product_tag","embeddable":true,"href":"https:\/\/saanajaolli.com\/store_092\/wp-json\/wp\/v2\/product_tag?post=596"}],"curies":[{"name":"wp","href":"https:\/\/api.w.org\/{rel}","templated":true}]}}