{"id":59365,"date":"2023-11-06T09:31:30","date_gmt":"2023-11-06T09:31:30","guid":{"rendered":"https:\/\/saanajaolli.com\/store_092\/?post_type=product&#038;p=59365"},"modified":"2024-12-15T10:32:10","modified_gmt":"2024-12-15T10:32:10","slug":"pre-order-japan-far-away-hanten","status":"publish","type":"product","link":"https:\/\/saanajaolli.com\/store_092\/product\/pre-order-japan-far-away-hanten\/","title":{"rendered":"Japan Far Away hanten"},"content":{"rendered":"","protected":false},"excerpt":{"rendered":"<p><span class=\"\" title=\"Muokattu\">Far away hanten jacket designed for Japanese company Steteco. Hanten is a timeless and super comfortable Japanese winter jacket. <\/span><\/p>\n<p><span class=\"\" title=\"Muokattu\">Manufactured in Fukuoka, Japan in a company with 110 years of experience in hanten making. One size. The model is 169cm (5&#8217;7&#8243;)<\/span><\/p>\n<p>Colour: Ecru &#8211; Black<\/p>\n<p>Fabric: 100% cotton, cotton chijimi fabric on the surface and organic cotton gauze fabric on the skin surface.<\/p>\n<p>Fabric manufactured in Takashima, Japan.<\/p>\n<p>Fabric printed in Kyoto, Japan.<\/p>\n<p>Hanten sewn in Fukuoka, Japan.<\/p>\n<p>Wash: 40\u00b0C (140\u00b0F) | iron: 150\u00b0C<br \/>\nMay shrink up to 5%.<\/p>\n<p>&#8212;&#8211;<\/p>\n<p>Kaukana kotoa -hanten<\/p>\n<p>Japanilaiselle Stetecolle suunniteltu Kaukana kotoa -hanten on pehme\u00e4 ja ajaton japanilainen topattu talvitakki, joka on supermukava k\u00e4yt\u00f6ss\u00e4. Valmistettu 110 vuoden kokemuksella Fukuokassa. One size. Malli kuvissa on 169cm.<\/p>\n<p>Kangas: 100% puuvilla, puuvilla-chijimi \/ luomupuuvillainen harsokangas.<\/p>\n<p>V\u00e4ri: Ecru &#8211; musta<\/p>\n<p>Kangas kudottu Takashimassa, Japanissa.<\/p>\n<p>Kangas painettu Kiotossa, Japanissa.<\/p>\n<p>Takki ommeltu Fukuokassa, Japanissa 110 vuoden kokemuksella.<\/p>\n<p>Pesu: 40\u00b0C | silitys: 150\u00b0C (kaksi pistett\u00e4)<br \/>\nSaattaa kutistua 5%<\/p>\n","protected":false},"featured_media":59368,"template":"","meta":{"_acf_changed":false},"product_brand":[],"product_cat":[42,44],"product_tag":[],"class_list":{"0":"post-59365","1":"product","2":"type-product","3":"status-publish","4":"has-post-thumbnail","6":"product_cat-others","7":"product_cat-clothes-others","8":"product_shipping_class-postipaketti-s","10":"first","11":"outofstock","12":"taxable","13":"shipping-taxable","14":"purchasable","15":"product-type-simple"},"acf":[],"_links":{"self":[{"href":"https:\/\/saanajaolli.com\/store_092\/wp-json\/wp\/v2\/product\/59365","targetHints":{"allow":["GET"]}}],"collection":[{"href":"https:\/\/saanajaolli.com\/store_092\/wp-json\/wp\/v2\/product"}],"about":[{"href":"https:\/\/saanajaolli.com\/store_092\/wp-json\/wp\/v2\/types\/product"}],"wp:featuredmedia":[{"embeddable":true,"href":"https:\/\/saanajaolli.com\/store_092\/wp-json\/wp\/v2\/media\/59368"}],"wp:attachment":[{"href":"https:\/\/saanajaolli.com\/store_092\/wp-json\/wp\/v2\/media?parent=59365"}],"wp:term":[{"taxonomy":"product_brand","embeddable":true,"href":"https:\/\/saanajaolli.com\/store_092\/wp-json\/wp\/v2\/product_brand?post=59365"},{"taxonomy":"product_cat","embeddable":true,"href":"https:\/\/saanajaolli.com\/store_092\/wp-json\/wp\/v2\/product_cat?post=59365"},{"taxonomy":"product_tag","embeddable":true,"href":"https:\/\/saanajaolli.com\/store_092\/wp-json\/wp\/v2\/product_tag?post=59365"}],"curies":[{"name":"wp","href":"https:\/\/api.w.org\/{rel}","templated":true}]}}