{"id":59099,"date":"2023-11-01T12:28:43","date_gmt":"2023-11-01T12:28:43","guid":{"rendered":"https:\/\/saanajaolli.com\/store_092\/?post_type=product&#038;p=59099"},"modified":"2025-12-07T16:33:03","modified_gmt":"2025-12-07T16:33:03","slug":"pre-order-japan-far-away-pyjama-set","status":"publish","type":"product","link":"https:\/\/saanajaolli.com\/store_092\/product\/pre-order-japan-far-away-pyjama-set\/","title":{"rendered":"Japan Far Away pyjamas"},"content":{"rendered":"","protected":false},"excerpt":{"rendered":"<p>Pyjama jacket and trousers designed for Steteco, Japan.<br \/>\nO<span class=\"\" title=\"Muokattu\">ur goal was to design a collection that would bring good vibes to every day.<br \/>\n<\/span><span class=\"\" title=\"Muokattu\">The fabrics are knitted, dyed and printed and sewn in Japan.<\/span><\/p>\n<p>Fabric: 100% cotton, cotton chijimi fabric on the surface and organic cotton gauze fabric on the skin surface.<\/p>\n<p>Colour: Ecru &#8211; black<\/p>\n<p>Fabric woven in Takashima, Japan.<\/p>\n<p>Printed in Kyoto, Japan.<\/p>\n<p>Product sewn in Kunitachi, Japan<\/p>\n<p>Wash: 40\u00b0C (140\u00b0F) | iron: 150\u00b0C<br \/>\nMay shrink up to 5%.<\/p>\n<hr \/>\n<p>Kaukana kotoa -pyjamatakki &amp; -housut<\/p>\n<p>Japanilaiselle Stetecolle suunniteltu Kaukana kotoa -pyjama on pehme\u00e4 ja ajaton kotiasu. Kankaan kaksikerroksinen rakenne tekee t\u00e4st\u00e4 ilmavan ja supermukavan k\u00e4yt\u00f6ss\u00e4. Tuotteen tarkat mitat l\u00f6ytyv\u00e4t mittataulukosta tuotteen kuvista.<\/p>\n<p>T\u00e4m\u00e4n tuotteen neulonta-, v\u00e4rj\u00e4ys- ja painatus sek\u00e4 ompelu tehd\u00e4\u00e4n Japanissa.<\/p>\n<p>Kangas: 100% puuvilla, puuvilla-chijimi \/ luomupuuvillainen harsokangas.<\/p>\n<p>Kangas valmistettu Takashimassa, Japanissa.<\/p>\n<p>Kangas painettu Kiotossa, Japanissa.<\/p>\n<p>Tuote ommeltu Kunitachissa, Japanissa.<\/p>\n<p>Pesu: 40\u00b0C | silitys: 150\u00b0C (kaksi pistett\u00e4)<br \/>\nSaattaa kutistua 5%.<\/p>\n","protected":false},"featured_media":59344,"template":"","meta":{"_acf_changed":false},"product_brand":[],"product_cat":[42,44],"product_tag":[],"class_list":{"0":"post-59099","1":"product","2":"type-product","3":"status-publish","4":"has-post-thumbnail","6":"product_cat-others","7":"product_cat-clothes-others","8":"product_shipping_class-postipaketti-xs","10":"first","11":"outofstock","12":"taxable","13":"shipping-taxable","14":"purchasable","15":"product-type-variable","16":"has-default-attributes"},"acf":[],"_links":{"self":[{"href":"https:\/\/saanajaolli.com\/store_092\/wp-json\/wp\/v2\/product\/59099","targetHints":{"allow":["GET"]}}],"collection":[{"href":"https:\/\/saanajaolli.com\/store_092\/wp-json\/wp\/v2\/product"}],"about":[{"href":"https:\/\/saanajaolli.com\/store_092\/wp-json\/wp\/v2\/types\/product"}],"wp:featuredmedia":[{"embeddable":true,"href":"https:\/\/saanajaolli.com\/store_092\/wp-json\/wp\/v2\/media\/59344"}],"wp:attachment":[{"href":"https:\/\/saanajaolli.com\/store_092\/wp-json\/wp\/v2\/media?parent=59099"}],"wp:term":[{"taxonomy":"product_brand","embeddable":true,"href":"https:\/\/saanajaolli.com\/store_092\/wp-json\/wp\/v2\/product_brand?post=59099"},{"taxonomy":"product_cat","embeddable":true,"href":"https:\/\/saanajaolli.com\/store_092\/wp-json\/wp\/v2\/product_cat?post=59099"},{"taxonomy":"product_tag","embeddable":true,"href":"https:\/\/saanajaolli.com\/store_092\/wp-json\/wp\/v2\/product_tag?post=59099"}],"curies":[{"name":"wp","href":"https:\/\/api.w.org\/{rel}","templated":true}]}}