{"id":469,"date":"2020-02-18T09:55:05","date_gmt":"2020-02-18T09:55:05","guid":{"rendered":"http:\/\/saanajaolli.com\/store_092\/?post_type=product&#038;p=469"},"modified":"2026-02-23T12:17:13","modified_gmt":"2026-02-23T12:17:13","slug":"mielenmaisemia-oven-mitten","status":"publish","type":"product","link":"https:\/\/saanajaolli.com\/store_092\/product\/mielenmaisemia-oven-mitten\/","title":{"rendered":"Mielenmaisemia oven mitten"},"content":{"rendered":"","protected":false},"excerpt":{"rendered":"<p>Mielenmaisemia (Mindscapes) oven mitten<\/p>\n<p>With Mielenmaisemia (lit. Mindscapes) we wanted to celebrate beauty, memories and imagination. To find meaningful existance you don\u2019t have to travel far.<\/p>\n<p>Fabric: European 100% hemp fabric<br \/>\n[ wash: 40\u00b0C (104\u00b0F) | iron: high heat with steam 200\u00b0C ]<br \/>\nFilling: 100% recycled textile fiber. Made in Finland.<\/p>\n<p>Transparently manufactured in\u00a0<a href=\"https:\/\/www.saanajaolli.com\/site\/#production\" target=\"_blank\" rel=\"noopener noreferrer\">Finland.<\/a><\/p>\n<p>We ship worldwide.<\/p>\n<hr \/>\n<p>Mielenmaisemia patakinnas<\/p>\n<p>Mielenmaisemia -kuosilla halusimme maalata oodin muistoille, estetiikalle ja mielikuvitukselle. L\u00f6yt\u00e4\u00e4kseen merkityksellisyytt\u00e4 ei tarvitse l\u00e4hte\u00e4 kauas.<\/p>\n<p>Kangas: EU:ssa valmistettu 100% hamppukangas<br \/>\n[ pesu: 40\u00b0C \u00a0| silitys: high heat with steam 200\u00b0C ]<br \/>\nSisus: Suomessa valmistettu 100% kierr\u00e4tystekstiilivanu<\/p>\n<p>Valmistettu l\u00e4pin\u00e4kyv\u00e4sti Suomessa.<\/p>\n","protected":false},"featured_media":1447,"template":"","meta":{"_acf_changed":false},"product_brand":[],"product_cat":[20,25],"product_tag":[],"class_list":{"0":"post-469","1":"product","2":"type-product","3":"status-publish","4":"has-post-thumbnail","6":"product_cat-hemp-textiles","7":"product_cat-over-mittens-hemp-textiles","8":"product_shipping_class-postipaketti-xs","10":"first","11":"instock","12":"taxable","13":"shipping-taxable","14":"purchasable","15":"product-type-variable"},"acf":[],"_links":{"self":[{"href":"https:\/\/saanajaolli.com\/store_092\/wp-json\/wp\/v2\/product\/469","targetHints":{"allow":["GET"]}}],"collection":[{"href":"https:\/\/saanajaolli.com\/store_092\/wp-json\/wp\/v2\/product"}],"about":[{"href":"https:\/\/saanajaolli.com\/store_092\/wp-json\/wp\/v2\/types\/product"}],"wp:featuredmedia":[{"embeddable":true,"href":"https:\/\/saanajaolli.com\/store_092\/wp-json\/wp\/v2\/media\/1447"}],"wp:attachment":[{"href":"https:\/\/saanajaolli.com\/store_092\/wp-json\/wp\/v2\/media?parent=469"}],"wp:term":[{"taxonomy":"product_brand","embeddable":true,"href":"https:\/\/saanajaolli.com\/store_092\/wp-json\/wp\/v2\/product_brand?post=469"},{"taxonomy":"product_cat","embeddable":true,"href":"https:\/\/saanajaolli.com\/store_092\/wp-json\/wp\/v2\/product_cat?post=469"},{"taxonomy":"product_tag","embeddable":true,"href":"https:\/\/saanajaolli.com\/store_092\/wp-json\/wp\/v2\/product_tag?post=469"}],"curies":[{"name":"wp","href":"https:\/\/api.w.org\/{rel}","templated":true}]}}