{"id":43267,"date":"2022-12-07T16:17:14","date_gmt":"2022-12-07T16:17:14","guid":{"rendered":"https:\/\/saanajaolli.com\/store_092\/?post_type=product&#038;p=43267"},"modified":"2026-03-11T09:20:59","modified_gmt":"2026-03-11T09:20:59","slug":"kaukana-kotoa-weekender-bag","status":"publish","type":"product","link":"https:\/\/saanajaolli.com\/store_092\/product\/kaukana-kotoa-weekender-bag\/","title":{"rendered":"Kaukana kotoa weekender bag"},"content":{"rendered":"<p>10<\/p>\n","protected":false},"excerpt":{"rendered":"<p>Kaukana kotoa (Far Away) weekender bag<\/p>\n<p>Life is a patchwork map of our memories. In Kaukana kotoa (Far Away) collection we painted memories and moments that combined build up human existence.<\/p>\n<p>Quilted large hemp fabric bag fits all of your weekend belongings and has a zipper closure.<\/p>\n<p>Beige fabric &#8211; black print<\/p>\n<p>Size: 46x53x20 cm (18,1&#215;20,9&#215;7,9 inch)<\/p>\n<p>Fabric: European 100% hemp fabric.<br \/>\nFilling: 100% recycled textile fiber. Made in Finland.<br \/>\n[ wash: 30\u00b0C (86\u00b0F) | iron: high heat with steam 200\u00b0C | r<span class=\"s1\">eshape whilst damp<\/span> ]<\/p>\n<p>100% pure hemp fabric may shrink about 5% to 10% after first washing.<\/p>\n<p>Transparently manufactured in\u00a0<a href=\"https:\/\/www.saanajaolli.com\/site\/#production\" target=\"_blank\" rel=\"noopener noreferrer\">Finland.<\/a><\/p>\n<p>We ship worldwide.<\/p>\n<hr \/>\n<p>Kaukana kotoa (Far Away) weekender kassi<\/p>\n<p>El\u00e4m\u00e4 on muistojen tilkkut\u00e4kki. Kaukana kotoa -mallistoon maalasimme el\u00e4m\u00e4n varrelta kauniita hetki\u00e4, n\u00e4kymi\u00e4 ja ker\u00e4ttyj\u00e4 muistoja l\u00e4helt\u00e4 ja kaukaa.<\/p>\n<p>Tikattu pehme\u00e4 viikonloppukassi vetoketjulla.<\/p>\n<p>Beige kangas &#8211; musta printti<\/p>\n<p>Koko: 46x53x20 cm<\/p>\n<p>Kangas: EU:ssa valmistettu 100% hamppukangas<br \/>\nT\u00e4ytevanu: Suomessa valmistettu 100% kierr\u00e4tetty tekstiilikuitumatto.<br \/>\n[ pesu: hienopesu 30\u00b0C \u00a0| silitys: \u2022\u2022\u2022 max 200\u00b0C\u00a0| muotoile\u00a0kosteana ]<\/p>\n<p>100% hamppukangas voi kutistua 5-10% ensimm\u00e4isess\u00e4 pesussa.<\/p>\n<p>Valmistettu l\u00e4pin\u00e4kyv\u00e4sti Suomessa.<\/p>\n","protected":false},"featured_media":43364,"template":"","meta":{"_acf_changed":false},"product_brand":[],"product_cat":[20,59],"product_tag":[],"class_list":{"0":"post-43267","1":"product","2":"type-product","3":"status-publish","4":"has-post-thumbnail","6":"product_cat-hemp-textiles","7":"product_cat-bags","8":"product_shipping_class-postipaketti-m","10":"first","11":"instock","12":"taxable","13":"shipping-taxable","14":"purchasable","15":"product-type-simple"},"acf":[],"_links":{"self":[{"href":"https:\/\/saanajaolli.com\/store_092\/wp-json\/wp\/v2\/product\/43267","targetHints":{"allow":["GET"]}}],"collection":[{"href":"https:\/\/saanajaolli.com\/store_092\/wp-json\/wp\/v2\/product"}],"about":[{"href":"https:\/\/saanajaolli.com\/store_092\/wp-json\/wp\/v2\/types\/product"}],"wp:featuredmedia":[{"embeddable":true,"href":"https:\/\/saanajaolli.com\/store_092\/wp-json\/wp\/v2\/media\/43364"}],"wp:attachment":[{"href":"https:\/\/saanajaolli.com\/store_092\/wp-json\/wp\/v2\/media?parent=43267"}],"wp:term":[{"taxonomy":"product_brand","embeddable":true,"href":"https:\/\/saanajaolli.com\/store_092\/wp-json\/wp\/v2\/product_brand?post=43267"},{"taxonomy":"product_cat","embeddable":true,"href":"https:\/\/saanajaolli.com\/store_092\/wp-json\/wp\/v2\/product_cat?post=43267"},{"taxonomy":"product_tag","embeddable":true,"href":"https:\/\/saanajaolli.com\/store_092\/wp-json\/wp\/v2\/product_tag?post=43267"}],"curies":[{"name":"wp","href":"https:\/\/api.w.org\/{rel}","templated":true}]}}