{"id":43221,"date":"2022-12-07T15:26:18","date_gmt":"2022-12-07T15:26:18","guid":{"rendered":"https:\/\/saanajaolli.com\/store_092\/?post_type=product&#038;p=43221"},"modified":"2026-03-11T09:27:44","modified_gmt":"2026-03-11T09:27:44","slug":"kaukana-kotoa-interior-pillow","status":"publish","type":"product","link":"https:\/\/saanajaolli.com\/store_092\/product\/kaukana-kotoa-interior-pillow\/","title":{"rendered":"Kaukana kotoa interior pillow"},"content":{"rendered":"","protected":false},"excerpt":{"rendered":"<p>Kaukana kotoa (Far Away) interior pillow<\/p>\n<p>Life is a patchwork map of our memories. In Kaukana kotoa (Far Away) collection we painted memories and moments that combined build up human existence.<\/p>\n<p>Sizes:<\/p>\n<p>40&#215;60 cm (15,7&#215;23,6 inch)<\/p>\n<p>60&#215;80 cm (23,6&#215;31,5 inch)<\/p>\n<p>Fabric: European 100% hemp fabric<br \/>\n[ wash: 40\u00b0C (140\u00b0F) | iron: high heat with steam 200\u00b0C ]<br \/>\nRemovable interior pillow filling: Finnish 100% Eco-Logic polyester<\/p>\n<p>Transparently manufactured in <a href=\"https:\/\/www.saanajaolli.com\/site\/#production\" target=\"_blank\" rel=\"noopener noreferrer\">Finland.<\/a><\/p>\n<p>We ship worldwide.<\/p>\n<hr \/>\n<p>Kaukana kotoa (Far Away) sisustustyyny<\/p>\n<p>El\u00e4m\u00e4 on muistojen tilkkut\u00e4kki. Kaukana kotoa -mallistoon maalasimme el\u00e4m\u00e4n varrelta kauniita hetki\u00e4, n\u00e4kymi\u00e4 ja ker\u00e4ttyj\u00e4 muistoja l\u00e4helt\u00e4 ja kaukaa.<\/p>\n<p>Koot:<\/p>\n<p>40&#215;60 cm<\/p>\n<p>60&#215;80 cm<\/p>\n<p>Kangas: EU:ssa valmistettu 100% hamppukangas<br \/>\n[ pesu: 40\u00b0C \u00a0| silitys: \u2022\u2022\u2022 max 200\u00b0C ]<br \/>\nSis\u00e4tyyny: suomalainen 100% Eco-Logic polyester<\/p>\n<p>100% hamppukangas voi kutistua 5-10% ensimm\u00e4isess\u00e4 pesussa.<\/p>\n<p>Valmistettu l\u00e4pin\u00e4kyv\u00e4sti Suomessa.<\/p>\n","protected":false},"featured_media":43362,"template":"","meta":{"_acf_changed":false},"product_brand":[],"product_cat":[20,23],"product_tag":[],"class_list":{"0":"post-43221","1":"product","2":"type-product","3":"status-publish","4":"has-post-thumbnail","6":"product_cat-hemp-textiles","7":"product_cat-pillows-hemp-textiles","8":"product_shipping_class-postipaketti-s","10":"first","11":"instock","12":"taxable","13":"shipping-taxable","14":"purchasable","15":"product-type-variable"},"acf":[],"_links":{"self":[{"href":"https:\/\/saanajaolli.com\/store_092\/wp-json\/wp\/v2\/product\/43221","targetHints":{"allow":["GET"]}}],"collection":[{"href":"https:\/\/saanajaolli.com\/store_092\/wp-json\/wp\/v2\/product"}],"about":[{"href":"https:\/\/saanajaolli.com\/store_092\/wp-json\/wp\/v2\/types\/product"}],"wp:featuredmedia":[{"embeddable":true,"href":"https:\/\/saanajaolli.com\/store_092\/wp-json\/wp\/v2\/media\/43362"}],"wp:attachment":[{"href":"https:\/\/saanajaolli.com\/store_092\/wp-json\/wp\/v2\/media?parent=43221"}],"wp:term":[{"taxonomy":"product_brand","embeddable":true,"href":"https:\/\/saanajaolli.com\/store_092\/wp-json\/wp\/v2\/product_brand?post=43221"},{"taxonomy":"product_cat","embeddable":true,"href":"https:\/\/saanajaolli.com\/store_092\/wp-json\/wp\/v2\/product_cat?post=43221"},{"taxonomy":"product_tag","embeddable":true,"href":"https:\/\/saanajaolli.com\/store_092\/wp-json\/wp\/v2\/product_tag?post=43221"}],"curies":[{"name":"wp","href":"https:\/\/api.w.org\/{rel}","templated":true}]}}