{"id":4116,"date":"2020-12-09T13:21:19","date_gmt":"2020-12-09T13:21:19","guid":{"rendered":"https:\/\/saanajaolli.com\/store_092\/?post_type=product&#038;p=4116"},"modified":"2025-12-09T11:06:58","modified_gmt":"2025-12-09T11:06:58","slug":"saana-ja-olli-gift-card","status":"publish","type":"product","link":"https:\/\/saanajaolli.com\/store_092\/product\/saana-ja-olli-gift-card\/","title":{"rendered":"Saana ja Olli gift card"},"content":{"rendered":"","protected":false},"excerpt":{"rendered":"<p>Saana ja Olli gift card for 20, 50 or 100\u20ac.<br \/>\nGift card sent in envelope by mail.<\/p>\n<p>Printed with professional pride in Kaarina, Finland.<\/p>\n<p>Valid for 6 months in Saana ja Olli online shop.<br \/>\nEvery card includes an individual code for web store purchase.<br \/>\nFree worldwide delivery.<\/p>\n<p>You can choose between printed card sent by mail or \u00a0digital card by email.<\/p>\n<p>*Gift cards also available for the amount of your choice.<br \/>\nPlease contact: hello@saanajaolli.com<\/p>\n<p>&#8212;<\/p>\n<p>Saana ja Olli -lahjakortti<br \/>\nPainettu kortti toimitetaan kirjekuoressa.<\/p>\n<p>Arvo: 20, 50 tai 100\u20ac<\/p>\n<p>Voimassa Saana ja Olli -verkkokaupassa ostop\u00e4iv\u00e4st\u00e4 6kk.<br \/>\nJokaisessa lahjakortissa on yksil\u00f6ity ostokoodi.<br \/>\nKortti painettu ammattiylpeydell\u00e4 Kaarinassa.<\/p>\n<p>Valitse fyysinen painettu lahjakortti tai digitaalinen versio s\u00e4hk\u00f6postilla.<\/p>\n<p>*Lahjakortteja saatavissa my\u00f6s haluamallesi summallesi, ota yhteys:<br \/>\nhello@saanajaolli.com<\/p>\n","protected":false},"featured_media":84080,"template":"","meta":{"_acf_changed":false},"product_brand":[],"product_cat":[60],"product_tag":[],"class_list":{"0":"post-4116","1":"product","2":"type-product","3":"status-publish","4":"has-post-thumbnail","6":"product_cat-gift-cards","8":"first","9":"instock","10":"taxable","11":"shipping-taxable","12":"purchasable","13":"product-type-variable"},"acf":[],"_links":{"self":[{"href":"https:\/\/saanajaolli.com\/store_092\/wp-json\/wp\/v2\/product\/4116","targetHints":{"allow":["GET"]}}],"collection":[{"href":"https:\/\/saanajaolli.com\/store_092\/wp-json\/wp\/v2\/product"}],"about":[{"href":"https:\/\/saanajaolli.com\/store_092\/wp-json\/wp\/v2\/types\/product"}],"wp:featuredmedia":[{"embeddable":true,"href":"https:\/\/saanajaolli.com\/store_092\/wp-json\/wp\/v2\/media\/84080"}],"wp:attachment":[{"href":"https:\/\/saanajaolli.com\/store_092\/wp-json\/wp\/v2\/media?parent=4116"}],"wp:term":[{"taxonomy":"product_brand","embeddable":true,"href":"https:\/\/saanajaolli.com\/store_092\/wp-json\/wp\/v2\/product_brand?post=4116"},{"taxonomy":"product_cat","embeddable":true,"href":"https:\/\/saanajaolli.com\/store_092\/wp-json\/wp\/v2\/product_cat?post=4116"},{"taxonomy":"product_tag","embeddable":true,"href":"https:\/\/saanajaolli.com\/store_092\/wp-json\/wp\/v2\/product_tag?post=4116"}],"curies":[{"name":"wp","href":"https:\/\/api.w.org\/{rel}","templated":true}]}}