{"id":3519,"date":"2020-12-02T09:18:57","date_gmt":"2020-12-02T09:18:57","guid":{"rendered":"https:\/\/saanajaolli.com\/store_092\/?post_type=product&#038;p=3519"},"modified":"2024-11-11T10:14:01","modified_gmt":"2024-11-11T10:14:01","slug":"paivauni-dress","status":"publish","type":"product","link":"https:\/\/saanajaolli.com\/store_092\/product\/paivauni-dress\/","title":{"rendered":"P\u00e4iv\u00e4uni dress"},"content":{"rendered":"","protected":false},"excerpt":{"rendered":"<p>P\u00e4iv\u00e4uni (Daydream) dress<\/p>\n<p>P\u00e4iv\u00e4uni (Daydream) collection designed for Neulomo.<br \/>\nO<span class=\"\" title=\"Muokattu\">ur goal was to design a collection that would bring good vibes to every day and could be used at home, work or celebration.<br \/>\n<\/span><span class=\"\" title=\"Muokattu\">The fabrics are knitted, dyed and printed in Finland and sewn in Estonia.<\/span><\/p>\n<p>Fabric: 49% Cotton 49% Modal 2% Elastane<br \/>\n[wash: 40\u00b0C (140\u00b0F) | iron: 150\u00b0C]<br \/>\nMay shrink up to 5%.<\/p>\n<p>&#8212;&#8211;<\/p>\n<p>Halusimme suunnitella Neulomolle haaveiden vaatemalliston, joka toisi arkeen l\u00e4mp\u00f6\u00e4 ja hyvi\u00e4 viboja, ja jota haluaa k\u00e4ytt\u00e4\u00e4 joka p\u00e4iv\u00e4 aamusta iltaan. Rakensimme ajattoman kokonaisuuden, johon maalasimme k\u00e4sin klassisen kukonaskelkuosin. Malliston vaatteet ovat laadukkaita, ihania p\u00e4\u00e4ll\u00e4 ja helposti yhdistelt\u00e4vi\u00e4. Tuotteet on valmistettu laadukkaasta, pehme\u00e4st\u00e4 ja hengitt\u00e4v\u00e4st\u00e4 puuvillamodaalineuloksesta.<\/p>\n<p>Sunnuntai on rento ja mukava maxi-pituinen mekko. Mekossa on istuvat olkap\u00e4\u00e4t, hihat ovat v\u00e4lj\u00e4t ja t\u00e4yspitk\u00e4t. Mekon malli on aavistuksen alasp\u00e4in levenev\u00e4 ja helmassa on sivuilla halkiot. Tuotteen tarkat mitat l\u00f6ytyv\u00e4t mittataulukosta tuotteen kuvista.<\/p>\n<p>Kangas: 49% puuvilla 49% modaali 2% elastaani<br \/>\n[pesu: 40\u00b0C | silitys: 150\u00b0C (kaksi pistett\u00e4)]<br \/>\nSaattaa kutistua 5%.<\/p>\n<p>T\u00e4m\u00e4n tuotteen neulonta-, v\u00e4rj\u00e4ys- ja painoty\u00f6t tehd\u00e4\u00e4n Suomessa, ompelu Tallinnassa.<br \/>\n<span class=\"\" title=\"Muokattu\">Vaatteiden kotimaisuusaste on 85%<\/span>.<\/p>\n","protected":false},"featured_media":3528,"template":"","meta":{"_acf_changed":false},"product_brand":[],"product_cat":[42,44],"product_tag":[],"class_list":{"0":"post-3519","1":"product","2":"type-product","3":"status-publish","4":"has-post-thumbnail","6":"product_cat-others","7":"product_cat-clothes-others","8":"product_shipping_class-postipaketti-xs","10":"first","11":"outofstock","12":"taxable","13":"shipping-taxable","14":"purchasable","15":"product-type-variable","16":"has-default-attributes"},"acf":[],"_links":{"self":[{"href":"https:\/\/saanajaolli.com\/store_092\/wp-json\/wp\/v2\/product\/3519","targetHints":{"allow":["GET"]}}],"collection":[{"href":"https:\/\/saanajaolli.com\/store_092\/wp-json\/wp\/v2\/product"}],"about":[{"href":"https:\/\/saanajaolli.com\/store_092\/wp-json\/wp\/v2\/types\/product"}],"wp:featuredmedia":[{"embeddable":true,"href":"https:\/\/saanajaolli.com\/store_092\/wp-json\/wp\/v2\/media\/3528"}],"wp:attachment":[{"href":"https:\/\/saanajaolli.com\/store_092\/wp-json\/wp\/v2\/media?parent=3519"}],"wp:term":[{"taxonomy":"product_brand","embeddable":true,"href":"https:\/\/saanajaolli.com\/store_092\/wp-json\/wp\/v2\/product_brand?post=3519"},{"taxonomy":"product_cat","embeddable":true,"href":"https:\/\/saanajaolli.com\/store_092\/wp-json\/wp\/v2\/product_cat?post=3519"},{"taxonomy":"product_tag","embeddable":true,"href":"https:\/\/saanajaolli.com\/store_092\/wp-json\/wp\/v2\/product_tag?post=3519"}],"curies":[{"name":"wp","href":"https:\/\/api.w.org\/{rel}","templated":true}]}}