{"id":2105,"date":"2020-11-03T09:33:28","date_gmt":"2020-11-03T09:33:28","guid":{"rendered":"https:\/\/saanajaolli.com\/store_092\/?post_type=product&#038;p=2105"},"modified":"2026-03-11T08:33:29","modified_gmt":"2026-03-11T08:33:29","slug":"iso-kassi","status":"publish","type":"product","link":"https:\/\/saanajaolli.com\/store_092\/product\/iso-kassi\/","title":{"rendered":"P\u00e4ivin ja \u00f6in weekender bag"},"content":{"rendered":"","protected":false},"excerpt":{"rendered":"<p>P\u00e4ivin ja \u00f6in (Day and Night) weekender bag<\/p>\n<p>In P\u00e4ivin ja \u00d6in (Day and Night) we wanted to celebrate everyday life. We designed a collection\u00a0of usable, timeless products that elevate your daily life with their warmness and softness.<\/p>\n<p>Quilted large hemp fabric bag fits all of your weekend belongings and has a zipper closure.<\/p>\n<p>Size: 46x53x20 cm (18,1&#215;20,9&#215;7,9 inch)<\/p>\n<p>Fabric: European 100% hemp fabric.<br \/>\nFilling: 100% recycled textile fiber. Made in Finland.<br \/>\n[ wash: 30\u00b0C (86\u00b0F) | iron: high heat with steam 200\u00b0C | r<span class=\"s1\">eshape whilst damp<\/span> ]<\/p>\n<p>100% pure hemp fabric may shrink about 5% to 10% after first washing.<\/p>\n<p>Transparently manufactured in\u00a0<a href=\"https:\/\/www.saanajaolli.com\/site\/#production\" target=\"_blank\" rel=\"noopener noreferrer\">Finland.<\/a><\/p>\n<p>We ship worldwide.<\/p>\n<hr \/>\n<p>P\u00e4ivin ja \u00f6in (Day and Night) weekender kassi<\/p>\n<p>P\u00e4ivin ja \u00f6in- mallistoon halusimme luoda sarjan pehmeit\u00e4 tuotteita, jotka tekev\u00e4t jokaisesta p\u00e4iv\u00e4st\u00e4 l\u00e4mpim\u00e4mpi\u00e4 ja kauniimpia.<\/p>\n<p>Tikattu pehme\u00e4 viikonloppukassi vetoketjulla.<\/p>\n<p>Koko: 46x53x20 cm<\/p>\n<p>Kangas: EU:ssa valmistettu 100% hamppukangas<br \/>\nT\u00e4ytevanu: Suomessa valmistettu 100% kierr\u00e4tetty tekstiilikuitumatto.<br \/>\n[ pesu: hienopesu 30\u00b0C \u00a0| silitys: \u2022\u2022\u2022 max 200\u00b0C\u00a0| muotoile\u00a0kosteana ]<\/p>\n<p>100% hamppukangas voi kutistua 5-10% ensimm\u00e4isess\u00e4 pesussa.<\/p>\n<p>Valmistettu l\u00e4pin\u00e4kyv\u00e4sti Suomessa.<\/p>\n","protected":false},"featured_media":2233,"template":"","meta":{"_acf_changed":false},"product_brand":[],"product_cat":[20,59],"product_tag":[],"class_list":{"0":"post-2105","1":"product","2":"type-product","3":"status-publish","4":"has-post-thumbnail","6":"product_cat-hemp-textiles","7":"product_cat-bags","8":"product_shipping_class-postipaketti-m","10":"first","11":"instock","12":"taxable","13":"shipping-taxable","14":"purchasable","15":"product-type-variable"},"acf":[],"_links":{"self":[{"href":"https:\/\/saanajaolli.com\/store_092\/wp-json\/wp\/v2\/product\/2105","targetHints":{"allow":["GET"]}}],"collection":[{"href":"https:\/\/saanajaolli.com\/store_092\/wp-json\/wp\/v2\/product"}],"about":[{"href":"https:\/\/saanajaolli.com\/store_092\/wp-json\/wp\/v2\/types\/product"}],"wp:featuredmedia":[{"embeddable":true,"href":"https:\/\/saanajaolli.com\/store_092\/wp-json\/wp\/v2\/media\/2233"}],"wp:attachment":[{"href":"https:\/\/saanajaolli.com\/store_092\/wp-json\/wp\/v2\/media?parent=2105"}],"wp:term":[{"taxonomy":"product_brand","embeddable":true,"href":"https:\/\/saanajaolli.com\/store_092\/wp-json\/wp\/v2\/product_brand?post=2105"},{"taxonomy":"product_cat","embeddable":true,"href":"https:\/\/saanajaolli.com\/store_092\/wp-json\/wp\/v2\/product_cat?post=2105"},{"taxonomy":"product_tag","embeddable":true,"href":"https:\/\/saanajaolli.com\/store_092\/wp-json\/wp\/v2\/product_tag?post=2105"}],"curies":[{"name":"wp","href":"https:\/\/api.w.org\/{rel}","templated":true}]}}