{"id":20232,"date":"2021-09-13T11:04:26","date_gmt":"2021-09-13T11:04:26","guid":{"rendered":"https:\/\/saanajaolli.com\/store_092\/?post_type=product&#038;p=20232"},"modified":"2025-12-08T13:02:35","modified_gmt":"2025-12-08T13:02:35","slug":"rakkauden-meri-canvas-bag","status":"publish","type":"product","link":"https:\/\/saanajaolli.com\/store_092\/product\/rakkauden-meri-canvas-bag\/","title":{"rendered":"Rakkauden meri canvas bag"},"content":{"rendered":"","protected":false},"excerpt":{"rendered":"<p>Rakkauden meri (Sea of Love) canvas bag<\/p>\n<p>In Rakkauden meri (Sea of Love)<span class=\"gmail_default\"> print we wanted to celebrate love and unpredictable ways it changes lives of individuals.<\/span><\/p>\n<p>Size: 46&#215;46 cm (18,11&#215;18,11 inch)<\/p>\n<p>Fabric: European 100% hemp fabric<br \/>\n[ wash: 40\u00b0C (140\u00b0F) | iron: high heat with steam 200\u00b0C ]<\/p>\n<p>Transparently manufactured in\u00a0<a href=\"https:\/\/www.saanajaolli.com\/site\/#production\" target=\"_blank\" rel=\"noopener noreferrer\">Finland.<\/a><\/p>\n<p>We ship worldwide.<\/p>\n<hr \/>\n<p>Rakkauden meri (Sea of Love) kangaskassi<\/p>\n<p>Rakkauden meri (Sea of Love)<span class=\"gmail_default\">\u00a0juhlistaa rakkautta, soljuvuutta ja el\u00e4m\u00e4n arvaamattomuutta.<\/span><\/p>\n<p>Kangas: EU:ssa valmistettu 100% hamppukangas<br \/>\n[ pesu: 40\u00b0C \u00a0| silitys: high heat with steam 200\u00b0C ]<\/p>\n<p>Valmistettu l\u00e4pin\u00e4kyv\u00e4sti Suomessa.<\/p>\n","protected":false},"featured_media":20446,"template":"","meta":{"_acf_changed":false},"product_brand":[],"product_cat":[20,59],"product_tag":[],"class_list":{"0":"post-20232","1":"product","2":"type-product","3":"status-publish","4":"has-post-thumbnail","6":"product_cat-hemp-textiles","7":"product_cat-bags","8":"product_shipping_class-postipaketti-xs","10":"first","11":"instock","12":"taxable","13":"shipping-taxable","14":"purchasable","15":"product-type-variable"},"acf":[],"_links":{"self":[{"href":"https:\/\/saanajaolli.com\/store_092\/wp-json\/wp\/v2\/product\/20232","targetHints":{"allow":["GET"]}}],"collection":[{"href":"https:\/\/saanajaolli.com\/store_092\/wp-json\/wp\/v2\/product"}],"about":[{"href":"https:\/\/saanajaolli.com\/store_092\/wp-json\/wp\/v2\/types\/product"}],"wp:featuredmedia":[{"embeddable":true,"href":"https:\/\/saanajaolli.com\/store_092\/wp-json\/wp\/v2\/media\/20446"}],"wp:attachment":[{"href":"https:\/\/saanajaolli.com\/store_092\/wp-json\/wp\/v2\/media?parent=20232"}],"wp:term":[{"taxonomy":"product_brand","embeddable":true,"href":"https:\/\/saanajaolli.com\/store_092\/wp-json\/wp\/v2\/product_brand?post=20232"},{"taxonomy":"product_cat","embeddable":true,"href":"https:\/\/saanajaolli.com\/store_092\/wp-json\/wp\/v2\/product_cat?post=20232"},{"taxonomy":"product_tag","embeddable":true,"href":"https:\/\/saanajaolli.com\/store_092\/wp-json\/wp\/v2\/product_tag?post=20232"}],"curies":[{"name":"wp","href":"https:\/\/api.w.org\/{rel}","templated":true}]}}