{"id":1657,"date":"2020-02-18T09:58:17","date_gmt":"2020-02-18T09:58:17","guid":{"rendered":"http:\/\/saanajaolli.com\/store_092\/?post_type=product&#038;p=1657"},"modified":"2024-11-11T11:35:38","modified_gmt":"2024-11-11T11:35:38","slug":"mielenmaisemia-tea-towel","status":"publish","type":"product","link":"https:\/\/saanajaolli.com\/store_092\/product\/mielenmaisemia-tea-towel\/","title":{"rendered":"Mielenmaisemia tea towel"},"content":{"rendered":"","protected":false},"excerpt":{"rendered":"<p>Mielenmaisemia (Mindscapes) tea towel<\/p>\n<p>With Mielenmaisemia (lit. Mindscapes) we wanted to celebrate beauty, memories and imagination. To find meaningful existance you don\u2019t have to travel far.<\/p>\n<p>Size: 45\u00d770 cm (17,7\u00d727,6 inch)<\/p>\n<p>Fabric: European 100% hemp fabric<br \/>\n[ wash: 40\u00b0C (140\u00b0F) | iron: high heat with steam 200\u00b0C ]<\/p>\n<p>Transparently manufactured in\u00a0<a href=\"https:\/\/www.saanajaolli.com\/site\/#production\" target=\"_blank\" rel=\"noopener noreferrer\">Finland.<\/a><\/p>\n<p>We ship worldwide.<\/p>\n<hr \/>\n<p>Mielenmaisemia keitti\u00f6liina<\/p>\n<p>Mielenmaisemia -kuosilla halusimme maalata oodin muistoille, estetiikalle ja mielikuvitukselle. L\u00f6yt\u00e4\u00e4kseen merkityksellisyytt\u00e4 ei tarvitse l\u00e4hte\u00e4 kauas.<\/p>\n<p>Kangas: EU:ssa valmistettu 100% hamppukangas<br \/>\n[ pesu: 40\u00b0C \u00a0| silitys: high heat with steam 200\u00b0C ]<\/p>\n<p>Valmistettu l\u00e4pin\u00e4kyv\u00e4sti Suomessa.<\/p>\n","protected":false},"featured_media":1663,"template":"","meta":{"_acf_changed":false},"product_brand":[],"product_cat":[20,27],"product_tag":[],"class_list":{"0":"post-1657","1":"product","2":"type-product","3":"status-publish","4":"has-post-thumbnail","6":"product_cat-hemp-textiles","7":"product_cat-tea-towels-hemp-textiles","8":"product_shipping_class-postipaketti-xs","10":"first","11":"outofstock","12":"taxable","13":"shipping-taxable","14":"purchasable","15":"product-type-variable"},"acf":[],"_links":{"self":[{"href":"https:\/\/saanajaolli.com\/store_092\/wp-json\/wp\/v2\/product\/1657","targetHints":{"allow":["GET"]}}],"collection":[{"href":"https:\/\/saanajaolli.com\/store_092\/wp-json\/wp\/v2\/product"}],"about":[{"href":"https:\/\/saanajaolli.com\/store_092\/wp-json\/wp\/v2\/types\/product"}],"wp:featuredmedia":[{"embeddable":true,"href":"https:\/\/saanajaolli.com\/store_092\/wp-json\/wp\/v2\/media\/1663"}],"wp:attachment":[{"href":"https:\/\/saanajaolli.com\/store_092\/wp-json\/wp\/v2\/media?parent=1657"}],"wp:term":[{"taxonomy":"product_brand","embeddable":true,"href":"https:\/\/saanajaolli.com\/store_092\/wp-json\/wp\/v2\/product_brand?post=1657"},{"taxonomy":"product_cat","embeddable":true,"href":"https:\/\/saanajaolli.com\/store_092\/wp-json\/wp\/v2\/product_cat?post=1657"},{"taxonomy":"product_tag","embeddable":true,"href":"https:\/\/saanajaolli.com\/store_092\/wp-json\/wp\/v2\/product_tag?post=1657"}],"curies":[{"name":"wp","href":"https:\/\/api.w.org\/{rel}","templated":true}]}}