{"id":14609,"date":"2021-06-22T06:06:07","date_gmt":"2021-06-22T06:06:07","guid":{"rendered":"https:\/\/saanajaolli.com\/store_092\/?post_type=product&#038;p=14609"},"modified":"2025-07-16T21:41:33","modified_gmt":"2025-07-16T21:41:33","slug":"yoton-yo-dressing-gown","status":"publish","type":"product","link":"https:\/\/saanajaolli.com\/store_092\/product\/yoton-yo-dressing-gown\/","title":{"rendered":"Y\u00f6t\u00f6n y\u00f6 dressing gown"},"content":{"rendered":"","protected":false},"excerpt":{"rendered":"<p>Y\u00f6t\u00f6n y\u00f6 (Nightless Night) dressign gown<\/p>\n<div class=\"gmail_default\">\n<div class=\"gmail_default\">Y\u00f6t\u00f6n y\u00f6 -mallistoon suunnittelimme tuotteita, joissa 100% hamppukankaan kauneus p\u00e4\u00e4see p\u00e4\u00e4osaan ja tuo luonnollista yleellisyytt\u00e4 jokap\u00e4iv\u00e4iseen el\u00e4m\u00e4\u00e4n. Tuotteet sopivat erinomaisesti spontaaneihin kes\u00e4seikkailuihin ja nautiskeluun vuoden ymp\u00e4ri.<\/div>\n<div>&#8211;<\/div>\n<\/div>\n<div class=\"gmail_default\">In Y\u00f6t\u00f6n y\u00f6 (Nightless Night) summer collection we designed products that combine natural beauty of 100% hemp fabric and bring sustainable luxury to everyday life. Products are excellent for spontaneous summer adventures and all-year round moments of leisure.<\/div>\n<p>&nbsp;<\/p>\n<p>Size: one size<\/p>\n<p>Measurements:<br \/>\n&#8211; length (neck to hem): 113 cm<br \/>\n&#8211; width: 64 cm<br \/>\n&#8211; sleeve length (neck to cuff): 67 cm<\/p>\n<p>Fabric: European 100% hemp fabric<br \/>\n[ wash: 60\u00b0C (140\u00b0F) | iron: high heat with steam 200\u00b0C ]<\/p>\n<p>100% pure hemp fabric may shrink about 5% to 10% after first washing.<\/p>\n<p>Transparently manufactured in <a href=\"https:\/\/www.saanajaolli.com\/site\/#production\" target=\"_blank\" rel=\"noopener noreferrer\">Finland.<\/a><\/p>\n<p>We ship worldwide.<\/p>\n","protected":false},"featured_media":14730,"template":"","meta":{"_acf_changed":false},"product_brand":[],"product_cat":[20,58],"product_tag":[],"class_list":{"0":"post-14609","1":"product","2":"type-product","3":"status-publish","4":"has-post-thumbnail","6":"product_cat-hemp-textiles","7":"product_cat-clothing","8":"product_shipping_class-postipaketti-s","10":"first","11":"instock","12":"taxable","13":"shipping-taxable","14":"purchasable","15":"product-type-variable"},"acf":[],"_links":{"self":[{"href":"https:\/\/saanajaolli.com\/store_092\/wp-json\/wp\/v2\/product\/14609","targetHints":{"allow":["GET"]}}],"collection":[{"href":"https:\/\/saanajaolli.com\/store_092\/wp-json\/wp\/v2\/product"}],"about":[{"href":"https:\/\/saanajaolli.com\/store_092\/wp-json\/wp\/v2\/types\/product"}],"wp:featuredmedia":[{"embeddable":true,"href":"https:\/\/saanajaolli.com\/store_092\/wp-json\/wp\/v2\/media\/14730"}],"wp:attachment":[{"href":"https:\/\/saanajaolli.com\/store_092\/wp-json\/wp\/v2\/media?parent=14609"}],"wp:term":[{"taxonomy":"product_brand","embeddable":true,"href":"https:\/\/saanajaolli.com\/store_092\/wp-json\/wp\/v2\/product_brand?post=14609"},{"taxonomy":"product_cat","embeddable":true,"href":"https:\/\/saanajaolli.com\/store_092\/wp-json\/wp\/v2\/product_cat?post=14609"},{"taxonomy":"product_tag","embeddable":true,"href":"https:\/\/saanajaolli.com\/store_092\/wp-json\/wp\/v2\/product_tag?post=14609"}],"curies":[{"name":"wp","href":"https:\/\/api.w.org\/{rel}","templated":true}]}}