{"id":14568,"date":"2021-06-22T06:53:14","date_gmt":"2021-06-22T06:53:14","guid":{"rendered":"https:\/\/saanajaolli.com\/store_092\/?post_type=product&#038;p=14568"},"modified":"2022-11-10T09:11:05","modified_gmt":"2022-11-10T09:11:05","slug":"yoton-yo-interior-pillow","status":"publish","type":"product","link":"https:\/\/saanajaolli.com\/store_092\/product\/yoton-yo-interior-pillow\/","title":{"rendered":"Y\u00f6t\u00f6n y\u00f6 interior pillow"},"content":{"rendered":"","protected":false},"excerpt":{"rendered":"<p>Y\u00f6t\u00f6n y\u00f6 (Nightless Night) interior pillow<\/p>\n<div class=\"gmail_default\">\n<div class=\"gmail_default\">Y\u00f6t\u00f6n y\u00f6 -mallistoon suunnittelimme tuotteita, joissa 100% hamppukankaan kauneus p\u00e4\u00e4see p\u00e4\u00e4osaan ja tuo luonnollista yleellisyytt\u00e4 jokap\u00e4iv\u00e4iseen el\u00e4m\u00e4\u00e4n. Tuotteet sopivat erinomaisesti spontaaneihin kes\u00e4seikkailuihin ja nautiskeluun vuoden ymp\u00e4ri.<\/div>\n<div>&#8211;<\/div>\n<\/div>\n<div class=\"gmail_default\">In Y\u00f6t\u00f6n y\u00f6 (Nightless Night) summer collection we designed products that combine natural beauty of 100% hemp fabric and bring sustainable luxury to everyday life. Products are excellent for spontaneous summer adventures and all-year round moments of leisure.<\/div>\n<div><\/div>\n<p>Size 50 \u00d7 50 cm (19,6 \u00d7 19,6 inch)<\/p>\n<p>Fabric: European 100% hemp fabric<br \/>\n[ wash: 40\u00b0C (140\u00b0F) | iron: high heat with steam 200\u00b0C ]<\/p>\n<p>Removable interior pillow filling: Finnish 100% Eco-Logic polyester<\/p>\n<p>100% pure hemp fabric may shrink about 5% to 10% after first washing.<\/p>\n<p>Transparently manufactured in <a href=\"https:\/\/www.saanajaolli.com\/site\/\" target=\"_blank\" rel=\"noopener noreferrer\">Finland.<\/a><\/p>\n<p>We ship worldwide.<\/p>\n","protected":false},"featured_media":14596,"template":"","meta":{"_acf_changed":false},"product_brand":[],"product_cat":[20,23],"product_tag":[],"class_list":{"0":"post-14568","1":"product","2":"type-product","3":"status-publish","4":"has-post-thumbnail","6":"product_cat-hemp-textiles","7":"product_cat-pillows-hemp-textiles","9":"first","10":"instock","11":"taxable","12":"shipping-taxable","13":"purchasable","14":"product-type-variable"},"acf":[],"_links":{"self":[{"href":"https:\/\/saanajaolli.com\/store_092\/wp-json\/wp\/v2\/product\/14568","targetHints":{"allow":["GET"]}}],"collection":[{"href":"https:\/\/saanajaolli.com\/store_092\/wp-json\/wp\/v2\/product"}],"about":[{"href":"https:\/\/saanajaolli.com\/store_092\/wp-json\/wp\/v2\/types\/product"}],"wp:featuredmedia":[{"embeddable":true,"href":"https:\/\/saanajaolli.com\/store_092\/wp-json\/wp\/v2\/media\/14596"}],"wp:attachment":[{"href":"https:\/\/saanajaolli.com\/store_092\/wp-json\/wp\/v2\/media?parent=14568"}],"wp:term":[{"taxonomy":"product_brand","embeddable":true,"href":"https:\/\/saanajaolli.com\/store_092\/wp-json\/wp\/v2\/product_brand?post=14568"},{"taxonomy":"product_cat","embeddable":true,"href":"https:\/\/saanajaolli.com\/store_092\/wp-json\/wp\/v2\/product_cat?post=14568"},{"taxonomy":"product_tag","embeddable":true,"href":"https:\/\/saanajaolli.com\/store_092\/wp-json\/wp\/v2\/product_tag?post=14568"}],"curies":[{"name":"wp","href":"https:\/\/api.w.org\/{rel}","templated":true}]}}