{"id":14560,"date":"2021-06-22T06:54:51","date_gmt":"2021-06-22T06:54:51","guid":{"rendered":"https:\/\/saanajaolli.com\/store_092\/?post_type=product&#038;p=14560"},"modified":"2023-01-20T11:47:53","modified_gmt":"2023-01-20T11:47:53","slug":"yoton-yo-tea-towel","status":"publish","type":"product","link":"https:\/\/saanajaolli.com\/store_092\/product\/yoton-yo-tea-towel\/","title":{"rendered":"Y\u00f6t\u00f6n y\u00f6 tea towel"},"content":{"rendered":"","protected":false},"excerpt":{"rendered":"<p>Y\u00f6t\u00f6n y\u00f6 (Nightless Night) tea towel<\/p>\n<p>Size: 45 \u00d7 70 cm (17,7 \u00d7 27,6 inch)<\/p>\n<p>Fabric: European 100% hemp fabric<br \/>\n[ wash: 40\u00b0C (140\u00b0F) | iron: high heat with steam 200\u00b0C | <span class=\"s1\">Reshape whilst damp <\/span>]<\/p>\n<p>100% pure hemp fabric may shrink about 5% to 10% after first washing.<\/p>\n<p>Transparently manufactured in\u00a0<a href=\"https:\/\/www.saanajaolli.com\/site\/#production\" target=\"_blank\" rel=\"noopener noreferrer\">Finland.<\/a><\/p>\n<p>We ship worldwide.<\/p>\n","protected":false},"featured_media":14595,"template":"","meta":{"_acf_changed":false},"product_brand":[],"product_cat":[20,63],"product_tag":[],"class_list":{"0":"post-14560","1":"product","2":"type-product","3":"status-publish","4":"has-post-thumbnail","6":"product_cat-hemp-textiles","7":"product_cat-towels","8":"product_shipping_class-postipaketti-xs","10":"first","11":"instock","12":"taxable","13":"shipping-taxable","14":"purchasable","15":"product-type-variable"},"acf":[],"_links":{"self":[{"href":"https:\/\/saanajaolli.com\/store_092\/wp-json\/wp\/v2\/product\/14560","targetHints":{"allow":["GET"]}}],"collection":[{"href":"https:\/\/saanajaolli.com\/store_092\/wp-json\/wp\/v2\/product"}],"about":[{"href":"https:\/\/saanajaolli.com\/store_092\/wp-json\/wp\/v2\/types\/product"}],"wp:featuredmedia":[{"embeddable":true,"href":"https:\/\/saanajaolli.com\/store_092\/wp-json\/wp\/v2\/media\/14595"}],"wp:attachment":[{"href":"https:\/\/saanajaolli.com\/store_092\/wp-json\/wp\/v2\/media?parent=14560"}],"wp:term":[{"taxonomy":"product_brand","embeddable":true,"href":"https:\/\/saanajaolli.com\/store_092\/wp-json\/wp\/v2\/product_brand?post=14560"},{"taxonomy":"product_cat","embeddable":true,"href":"https:\/\/saanajaolli.com\/store_092\/wp-json\/wp\/v2\/product_cat?post=14560"},{"taxonomy":"product_tag","embeddable":true,"href":"https:\/\/saanajaolli.com\/store_092\/wp-json\/wp\/v2\/product_tag?post=14560"}],"curies":[{"name":"wp","href":"https:\/\/api.w.org\/{rel}","templated":true}]}}