{"id":2,"date":"2019-08-19T10:56:23","date_gmt":"2019-08-19T10:56:23","guid":{"rendered":"http:\/\/saanajaolli.com\/store_092\/?page_id=2"},"modified":"2022-05-12T12:18:06","modified_gmt":"2022-05-12T12:18:06","slug":"shipping-policy","status":"publish","type":"page","link":"https:\/\/saanajaolli.com\/store_092\/shipping-policy\/","title":{"rendered":"Shipping &#038; policy"},"content":{"rendered":"\n<h1 class=\"wp-block-heading\">Shipping &amp; policy<\/h1>\n\n\n\n<p>We ship worldwide.<\/p>\n\n\n\n<h2 class=\"wp-block-heading\">PRICES AND POSTAGE<\/h2>\n\n\n\n<p>Prices are in euro and they include Finnish tax 24% (VAT).<\/p>\n\n\n\n<p>Postage and handling will be added automatically in all orders. We deliver via Priority mail. Orders are sent via Posti with tracking information.<br>We are a small company producing top quality goods, so please allow up to 14 days for delivery (typically we ship faster).<br><br>International customers are responsible for their country&#8217;s customs, taxes, duties and\/or VAT fees.<br><br>Saana ja Olli reserves the right to change the prices.<\/p>\n\n\n\n<h2 class=\"wp-block-heading\">PAYMENT TERMS<\/h2>\n\n\n\n<p>We accept payments via Paypal.<br>We accept following credit cards: Visa, Visa Electron, Master Card.<\/p>\n\n\n\n<h2 class=\"wp-block-heading\">RETURNS<\/h2>\n\n\n\n<p>If you\u00b4re not fully satisfied with our order, you may return purchased products within 14 days from the date on which you received them.<br>The returned products must be returned complete and unused in their original packaging.<br><br>Before sending any returns, contact us by email hello@saanajaolli.com.<br><br>After we have received the returned products and checked that the products meet all requirements, we will return the sum of the order.<br>Unfortunately, the cost of delivery cannot be refunded. We will refund delivery costs only if the product we have sent is incorrect or faulty.<\/p>\n\n\n\n<p>Please note that you are responsible for the product until it reaches us.<\/p>\n\n\n\n<p>Return address:<\/p>\n\n\n\n<p>Saana ja Olli<\/p>\n\n\n\n<p>Sibeliuksenkatu 7<\/p>\n\n\n\n<p>20100 Turku<\/p>\n\n\n\n<p>Finland<\/p>\n\n\n\n<h2 class=\"wp-block-heading\">OTHER<\/h2>\n\n\n\n<p>All our products are cut from meter fabric. Due to the large repeats in patterns, the prints in individual products may vary.<\/p>\n\n\n\n<h2 class=\"wp-block-heading\">CONTACT<\/h2>\n\n\n\n<p>If you have any questions, don&#8217;t hesitate to contact us:<\/p>\n\n\n\n<p>hello@saanajaolli.com<\/p>\n\n\n\n<div style=\"height:40px\" aria-hidden=\"true\" class=\"wp-block-spacer\"><\/div>\n\n\n\n<h1 class=\"wp-block-heading\">Privacy Policy<\/h1>\n\n\n\n<p>We hope that the description below  will help you understand what data Saana ja Olli may collect, how Saana ja Olli uses and protects that data and with whom it may be shared.<\/p>\n\n\n\n<h2 class=\"wp-block-heading\">DATA CONTROLLER<\/h2>\n\n\n\n<p>Saana ja Olli<\/p>\n\n\n\n<p>Sibeliuksenkatu 7<\/p>\n\n\n\n<p>20100 Turku<\/p>\n\n\n\n<p>+358 50 358 3378<\/p>\n\n\n\n<p>hello@saanajaolli.com <\/p>\n\n\n\n<h2 class=\"wp-block-heading\">COLLECTED INFORMATION<\/h2>\n\n\n\n<p>To process the orders, we collect the personal information you give us when you make a purchase from our web shop. This information includes your name, address, phone number and email address.<\/p>\n\n\n\n<p>Personal data is kept confidential and not sold or distributed to third parties. Saana ja Olli data network and hardware are protected by a firewall and other necessary technical measures.<\/p>\n\n\n\n<h2 class=\"wp-block-heading\">CONSENT<\/h2>\n\n\n\n<p>When you provide us your personal information to complete a transaction, verify your credit card, place an order, arrange for a delivery or return a purchase, we imply that you consent us collecting it and using it only for reasons mentioned.<\/p>\n\n\n\n<p>If after you have opt-in, you change your mind, you can at any time withdraw your consent for us to contact you, for the continued collection, use or disclosure of your information,&nbsp;at anytime, by contacting us at hello@saanajaolli.com or mailing us at:<\/p>\n\n\n\n<p>Saana ja Olli<\/p>\n\n\n\n<p>Sibeliuksenkatu 7<\/p>\n\n\n\n<p>20100 Turku<\/p>\n\n\n\n<p>Finland<\/p>\n\n\n\n<h2 class=\"wp-block-heading\">DISCLOSURE<\/h2>\n\n\n\n<p>We may disclose your personal information if we are required by law.<\/p>\n\n\n\n<h2 class=\"wp-block-heading\">PAYMENTS<\/h2>\n\n\n\n<p>All our payments are securely processed through Paytrail, PayPal or Stripe. We don\u2019t collect any information concerning the payments. We recommend that you read their privacy policies to understand how they handle privacy policies.<\/p>\n\n\n\n<h2 class=\"wp-block-heading\">LINKS<\/h2>\n\n\n\n<p>Saana ja Olli website may contain links to other websites. Saana ja Olli is not responsible for the privacy practices or the content of other websites.<\/p>\n\n\n\n<h2 class=\"wp-block-heading\">SECURITY<\/h2>\n\n\n\n<p>To protect your personal information, we take reasonable precautions to make sure it is not inappropriately lost, misused, accessed, disclosed, altered or destroyed.<\/p>\n\n\n\n<h2 class=\"wp-block-heading\">AGE OF CONSENT<\/h2>\n\n\n\n<p>By using this site, you represent that you are at least the age of majority in your state or province of residence, or that you are the age of majority in your state or province of residence and you have given us your consent to allow any of your minor dependents to use this site.<\/p>\n\n\n\n<h2 class=\"wp-block-heading\">CHANGES TO OUR PRIVACY POLICY<\/h2>\n\n\n\n<p>We reserve the right to modify this privacy policy at any time, so please review it frequently. Changes and clarifications will take effect immediately upon their posting on the website. If we make material changes to this policy, we will notify you here that it has been updated, so that you are aware of what information we collect, how we use it, and under what circumstances, if any, we use and\/or disclose it.<\/p>\n\n\n\n<h2 class=\"wp-block-heading\">QUESTIONS &amp; CONTACT INFORMATION<\/h2>\n\n\n\n<p>If you would like to change or delete any information we have about you, register a complaint, or simply want more information, contact&nbsp;our Privacy Compliance Officer at hello@saanajaolli.com or by mail at:<\/p>\n\n\n\n<p>Saana ja Olli<\/p>\n\n\n\n<p>Sibeliuksenkatu 7<\/p>\n\n\n\n<p>20100 Turku<\/p>\n\n\n\n<p>Finland<\/p>\n\n\n\n<p>&#8212;&#8212;&#8212;&#8212;&#8212;&#8212;&#8212;&#8212;&#8212;&#8212;&#8212;&#8212;&#8212;&#8212;&#8212;&#8212;&#8212;&#8212;&#8212;&#8212;&#8212;&#8212;&#8212;&#8212;&#8212;&#8212;&#8212;&#8212;&#8212;&#8212;&#8212;&#8212;&#8212;&#8212;&#8212;&#8212;&#8212;&#8212;&#8212;&#8212;&#8212; <\/p>\n\n\n\n<h1 class=\"wp-block-heading\">Toimitusehdot &amp; tietosuojaseloste<\/h1>\n\n\n\n<p>Toimitamme kaikkialle maailmaan.<\/p>\n\n\n\n<h2 class=\"wp-block-heading\">TUOTTEEN TILAAMINEN<\/h2>\n\n\n\n<p>Saana ja Olli -tuotteita voit ostaa&nbsp;suoraan nettikaupastamme. Tilattuasi tuotteen\/tuotteita saat tilausvahvistuksen s\u00e4hk\u00f6postitse.&nbsp;Jos et jostakin syyst\u00e4 saa vahvistusta, otathan meihin yhteytt\u00e4 s\u00e4hk\u00f6postitse: hello@saanajaolli.com.<\/p>\n\n\n\n<p>Maksu tapahtuu Paypalin kautta ja voit maksaa tuotteen normaalisti tilauksen yhteydess\u00e4.&nbsp;Voit siis maksaa tilauksen my\u00f6s ilman, ett\u00e4 sinun tarvitsee rekister\u00f6ity\u00e4 Paypalin asiakkaaksi.<\/p>\n\n\n\n<h2 class=\"wp-block-heading\">HINNAT JA POSTITUS<\/h2>\n\n\n\n<p>Kaikki hinnat ovat ilmoitettu euroina ja tuotteet sis\u00e4lt\u00e4v\u00e4t alv. 24%. Pakkaus ja postitus lis\u00e4t\u00e4\u00e4n automaattisesti kaikkiin tilauksiin.<br>Tilaukset toimitetaan Postin kautta kirjeen\u00e4 tai postipakettina.&nbsp;Voimme postittaa tuotteen my\u00f6s postiennakolla, jolloin maksun voi toteuttaa kotimaisilla pankkikorteilla tai k\u00e4teisell\u00e4.&nbsp;T\u00e4ll\u00f6in postituskuluihin lis\u00e4t\u00e4\u00e4n postiennakkomaksu 3,80 euroa.<\/p>\n\n\n\n<p>Olemme pieni, ensiluokkaisia tuotteita valmistava yritys. L\u00e4het\u00e4mme l\u00e4hetykset maksimissaan kahden viikon sis\u00e4ll\u00e4 tilauksesta (k\u00e4yt\u00e4nn\u00f6ss\u00e4 l\u00e4hes aina useammin).&nbsp;Mik\u00e4li sinulla on kiire tilauksesi kanssa, ota rohkeasti yhteytt\u00e4 s-postitse hello@saanajaolli.com tai puhelimitse 040 7088 054 \/ Saana<\/p>\n\n\n\n<p>Saana ja Olli pid\u00e4tt\u00e4\u00e4 oikeudet hintamuutoksiin.<\/p>\n\n\n\n<p>My\u00f6s nouto Turusta mahdollista sovittaessa. Ota rohkeasti yhteytt\u00e4.<\/p>\n\n\n\n<h2 class=\"wp-block-heading\">MAKSUTAVAT<\/h2>\n\n\n\n<p>Hyv\u00e4ksymme seuraavat kortit: Visa, Visa Electron, Master Card.&nbsp;<\/p>\n\n\n\n<p>Jos et k\u00e4yt\u00e4 luottokorttia ja toivot tuotteen postiennakolla, otathan meihin yhteytt\u00e4 s\u00e4hk\u00f6postitse hello@saanajaolli.com<\/p>\n\n\n\n<h2 class=\"wp-block-heading\">PALAUTUKSET<\/h2>\n\n\n\n<p>Toivomme, ett\u00e4 olet tyytyv\u00e4inen Saana ja Olli -tuotteeseen. Kaikki tuotteemme tarkastetaan k\u00e4sin, mutta jos et jostakin syyst\u00e4 ole tyytyv\u00e4inen tilaukseen, voit palauttaa tuotteen 14 p\u00e4iv\u00e4n sis\u00e4ll\u00e4 tuotteen vastaanottamisesta. Tuote tulee palauttaa alkuper\u00e4isess\u00e4 kunnossa,&nbsp;k\u00e4ytt\u00e4m\u00e4tt\u00f6m\u00e4n\u00e4 ja kaikki alkuper\u00e4iset laput kiinnitettyin\u00e4. Tilaaja vastaa tuotteen palautuksesta ja siit\u00e4 aiheutuvista kuluista.&nbsp;Saana ja Olli korvaa postituskulut siin\u00e4 tapauksessa, jos tuote on viallinen tai v\u00e4\u00e4r\u00e4.<\/p>\n\n\n\n<p>Rahat palautetaan tilaajalle, kun tuote on vastaaotettu, tarkastettu ja palautus t\u00e4ytt\u00e4\u00e4 yll\u00e4 mainitut ehdot.<br>Ennen mahdollista palauttamista, otathan meihin yhteytt\u00e4 s\u00e4hk\u00f6postitse osoitteeseen: hello@saanajaolli.com<\/p>\n\n\n\n<p>Palautusosoite:<\/p>\n\n\n\n<p>Saana ja Olli<\/p>\n\n\n\n<p>Sibeliuksenkatu 7<\/p>\n\n\n\n<p>20100 Turku<\/p>\n\n\n\n<h2 class=\"wp-block-heading\">MUUTA<\/h2>\n\n\n\n<p>Tuotteemme leikataan metrikankaasta. Painokuosiemme suuresta raporttikoosta johtuen joka tuotteeseen tulee sattumanvarainen osa painokuosia.&nbsp;<\/p>\n\n\n\n<h2 class=\"wp-block-heading\">YHTEYSTIEDOT<\/h2>\n\n\n\n<p>Mik\u00e4li sinulla on kysytt\u00e4v\u00e4\u00e4, ota rohkeasti yhteytt\u00e4 s-postise tai puhelimitse:<\/p>\n\n\n\n<p>hello@saanajaolli.com<\/p>\n\n\n\n<p>050 358 3378 \/ Olli<\/p>\n\n\n\n<p>040 7088 054 \/ Saana<\/p>\n\n\n\n<p><\/p>\n","protected":false},"excerpt":{"rendered":"<p>Shipping &amp; policy We ship worldwide. PRICES AND POSTAGE Prices are in euro and they include Finnish tax 24% (VAT). Postage and handling will be added automatically in all orders. We deliver via Priority mail. Orders are sent via Posti with tracking information.We are a small company producing top quality goods, so please allow up [&hellip;]<\/p>\n","protected":false},"author":1,"featured_media":0,"parent":0,"menu_order":7,"comment_status":"closed","ping_status":"open","template":"","meta":{"_acf_changed":false,"footnotes":""},"class_list":["post-2","page","type-page","status-publish","hentry"],"acf":[],"_links":{"self":[{"href":"https:\/\/saanajaolli.com\/store_092\/wp-json\/wp\/v2\/pages\/2","targetHints":{"allow":["GET"]}}],"collection":[{"href":"https:\/\/saanajaolli.com\/store_092\/wp-json\/wp\/v2\/pages"}],"about":[{"href":"https:\/\/saanajaolli.com\/store_092\/wp-json\/wp\/v2\/types\/page"}],"author":[{"embeddable":true,"href":"https:\/\/saanajaolli.com\/store_092\/wp-json\/wp\/v2\/users\/1"}],"replies":[{"embeddable":true,"href":"https:\/\/saanajaolli.com\/store_092\/wp-json\/wp\/v2\/comments?post=2"}],"version-history":[{"count":16,"href":"https:\/\/saanajaolli.com\/store_092\/wp-json\/wp\/v2\/pages\/2\/revisions"}],"predecessor-version":[{"id":2270,"href":"https:\/\/saanajaolli.com\/store_092\/wp-json\/wp\/v2\/pages\/2\/revisions\/2270"}],"wp:attachment":[{"href":"https:\/\/saanajaolli.com\/store_092\/wp-json\/wp\/v2\/media?parent=2"}],"curies":[{"name":"wp","href":"https:\/\/api.w.org\/{rel}","templated":true}]}}